  {"id":5205,"date":"2020-04-11T16:24:41","date_gmt":"2020-04-11T14:24:41","guid":{"rendered":"https:\/\/www.berger-stromversorgungen.de\/products\/industrial-computer-power-supplies\/"},"modified":"2020-04-13T12:51:34","modified_gmt":"2020-04-13T10:51:34","slug":"industrial-computer-power-supplies","status":"publish","type":"page","link":"https:\/\/www.berger-stromversorgungen.de\/en\/products\/industrial-computer-power-supplies\/","title":{"rendered":"Industrial Computer Power Supplies"},"content":{"rendered":"\n<style type=\"text\/css\" data-created_by=\"avia_inline_auto\" id=\"style-css-av-av_section-7e1f273e9e756719bb29d178b10d2e0d\">\n.avia-section.av-av_section-7e1f273e9e756719bb29d178b10d2e0d{\nbackground-color:#ff9900;\nbackground-image:unset;\n}\n<\/style>\n<div id='av_section_1'  class='avia-section av-av_section-7e1f273e9e756719bb29d178b10d2e0d main_color avia-section-small avia-no-shadow  avia-builder-el-0  el_before_av_section  avia-builder-el-first  avia-bg-style-scroll container_wrap sidebar_right'  ><div class='container av-section-cont-open' ><main  role=\"main\" itemprop=\"mainContentOfPage\"  class='template-page content  av-content-small alpha units'><div class='post-entry post-entry-type-page post-entry-5205'><div class='entry-content-wrapper clearfix'>\n\n<style type=\"text\/css\" data-created_by=\"avia_inline_auto\" id=\"style-css-av-av_one_full-15d750bd1b332b34c6e70b077ebbccdf\">\n.flex_column.av-av_one_full-15d750bd1b332b34c6e70b077ebbccdf{\nborder-radius:0px 0px 0px 0px;\npadding:0px 0px 0px 0px;\n}\n<\/style>\n<div  class='flex_column av-av_one_full-15d750bd1b332b34c6e70b077ebbccdf av_one_full  avia-builder-el-1  avia-builder-el-no-sibling  first flex_column_div av-zero-column-padding  '     ><\/div>\n\n<\/div><\/div><\/main><!-- close content main element --><\/div><\/div>\n<style type=\"text\/css\" data-created_by=\"avia_inline_auto\" id=\"style-css-av-av_section-a79e980f1656b51a99014702e1da799a\">\n.avia-section.av-av_section-a79e980f1656b51a99014702e1da799a{\nbackground-color:#eeeeee;\nbackground-image:unset;\n}\n<\/style>\n<div id='category_overview'  class='avia-section av-av_section-a79e980f1656b51a99014702e1da799a main_color avia-section-default avia-no-shadow  avia-builder-el-3  el_after_av_section  el_before_av_section  avia-bg-style-scroll container_wrap sidebar_right'  ><div class='container av-section-cont-open' ><div class='template-page content  av-content-small alpha units'><div class='post-entry post-entry-type-page post-entry-5205'><div class='entry-content-wrapper clearfix'>\n<div class='flex_column_table av-av_one_third-d4478351176c8e3ad2a6cd0a3e05eeec sc-av_one_third av-equal-height-column-flextable'>\n<style type=\"text\/css\" data-created_by=\"avia_inline_auto\" id=\"style-css-av-av_one_third-d4478351176c8e3ad2a6cd0a3e05eeec\">\n.flex_column.av-av_one_third-d4478351176c8e3ad2a6cd0a3e05eeec{\nborder-radius:0px 0px 0px 0px;\npadding:0px 0px 0px 0px;\n}\n<\/style>\n<div  class='flex_column av-av_one_third-d4478351176c8e3ad2a6cd0a3e05eeec av_one_third  avia-builder-el-4  el_before_av_two_fifth  avia-builder-el-first  first flex_column_table_cell av-equal-height-column av-align-top av-zero-column-padding  '     ><div  class='avia-builder-widget-area clearfix  avia-builder-el-5  avia-builder-el-no-sibling '><div id=\"nav_menu-9\" class=\"widget clearfix widget_nav_menu\"><div class=\"menu-industrial-computer-power-supplies-container\"><ul id=\"menu-industrial-computer-power-supplies\" class=\"menu\"><li id=\"menu-item-5995\" class=\"menu-item menu-item-type-post_type menu-item-object-page menu-item-5995\"><a href=\"https:\/\/www.berger-stromversorgungen.de\/en\/products\/\">Products<\/a><\/li>\n<li id=\"menu-item-5996\" class=\"menu-item menu-item-type-post_type menu-item-object-page menu-item-5996\"><a href=\"https:\/\/www.berger-stromversorgungen.de\/en\/kundenspezifische-netzteile\/\">Custom Power Supplies<\/a><\/li>\n<li id=\"menu-item-5997\" class=\"menu-item menu-item-type-post_type menu-item-object-page menu-item-5997\"><a href=\"https:\/\/www.berger-stromversorgungen.de\/en\/products\/power-supplies\/\">Power Supplies<\/a><\/li>\n<li id=\"menu-item-5998\" class=\"menu-item menu-item-type-post_type menu-item-object-page menu-item-5998\"><a href=\"https:\/\/www.berger-stromversorgungen.de\/en\/products\/dc-ups-for-industrial-applications\/\">DC-UPS for Industrial Applications<\/a><\/li>\n<li id=\"menu-item-5999\" class=\"menu-item menu-item-type-post_type menu-item-object-page menu-item-has-children menu-item-5999\"><a href=\"https:\/\/www.berger-stromversorgungen.de\/en\/products\/industrial-computer-power-supplies\/\">Industrial Computer Power Supplies<\/a>\n<ul class=\"sub-menu\">\n\t<li id=\"menu-item-6000\" class=\"menu-item menu-item-type-post_type menu-item-object-page menu-item-6000\"><a href=\"https:\/\/www.berger-stromversorgungen.de\/en\/products\/industrial-computer-power-supplies\/ac-input\/\">AC Input<\/a><\/li>\n\t<li id=\"menu-item-6001\" class=\"menu-item menu-item-type-post_type menu-item-object-page menu-item-6001\"><a href=\"https:\/\/www.berger-stromversorgungen.de\/en\/products\/industrial-computer-power-supplies\/with-integrated-ups-function\/\">with integrated UPS Function<\/a><\/li>\n<\/ul>\n<\/li>\n<li id=\"menu-item-6002\" class=\"menu-item menu-item-type-post_type menu-item-object-page menu-item-6002\"><a href=\"https:\/\/www.berger-stromversorgungen.de\/en\/products\/dc-dc-converters\/\">DC\/DC-Converters<\/a><\/li>\n<li id=\"menu-item-6003\" class=\"menu-item menu-item-type-post_type menu-item-object-page menu-item-6003\"><a href=\"https:\/\/www.berger-stromversorgungen.de\/en\/products\/power-over-ethernet-poe\/\">Power over Ethernet (PoE)<\/a><\/li>\n<li id=\"menu-item-6004\" class=\"menu-item menu-item-type-post_type menu-item-object-page menu-item-6004\"><a href=\"https:\/\/www.berger-stromversorgungen.de\/en\/products\/led-power-supplies\/\">LED Power Supplies<\/a><\/li>\n<li id=\"menu-item-6005\" class=\"menu-item menu-item-type-post_type menu-item-object-page menu-item-6005\"><a href=\"https:\/\/www.berger-stromversorgungen.de\/en\/products\/led-lighting\/\">LED Lighting<\/a><\/li>\n<li id=\"menu-item-6006\" class=\"menu-item menu-item-type-post_type menu-item-object-page menu-item-6006\"><a href=\"https:\/\/www.berger-stromversorgungen.de\/en\/products\/e-mobility\/\">E Mobility<\/a><\/li>\n<\/ul><\/div><\/div><\/div><\/div><div class='av-flex-placeholder'><\/div>\n<style type=\"text\/css\" data-created_by=\"avia_inline_auto\" id=\"style-css-av-av_two_fifth-c8fc129dc35fd1ae2a1e410224d39ea8\">\n.flex_column.av-av_two_fifth-c8fc129dc35fd1ae2a1e410224d39ea8{\nborder-radius:0px 0px 0px 0px;\npadding:0px 0px 0px 0px;\n}\n<\/style>\n<div  class='flex_column av-av_two_fifth-c8fc129dc35fd1ae2a1e410224d39ea8 av_two_fifth  avia-builder-el-6  el_after_av_one_third  el_before_av_one_fourth  flex_column_table_cell av-equal-height-column av-align-top av-zero-column-padding  '     ><section  class='av_textblock_section av-av_textblock-2bd894dbf2e4bf2c4acf98ce4fbf94aa '   itemscope=\"itemscope\" itemtype=\"https:\/\/schema.org\/CreativeWork\" ><div class='avia_textblock'  itemprop=\"text\" ><p><strong>Long-life Computer-Stromversorgungen, konzipiert f\u00fcr eine hohe Ausfallsicherheit und eine Lebensdauer von mind. 10 Jahren bei einer Umgebungstemperatur von 40\u00b0C f\u00fcr Industrieanwendungen und Medizintechnik.<\/strong> In verschiedenen Leistungsklassen von 75W bis 1000W werden Ger\u00e4te nach dem ATX, ATX +24V, SFX, TFX, FlexATX, 1U oder 2U angeboten.<\/p>\n<p>Die Computerstromversorgungen f\u00fcr Industrieanwendungen sind nach der EN60950-1 bzw. der Nachfolgenorm EN62368-1 approbiert. Die Serien f\u00fcr Anwendungen im Bereich der Medizintechnik sind nach EN60601-1 gepr\u00fcft und zertifiziert.<\/p>\n<p>Unsere Non-Stop-Power (NSP) Serien besitzen eine integrierte USV-Funktion mit USB- oder RS232-Schnittstelle f\u00fcr Auto-Shut-Down. Als Zubeh\u00f6r steht eine gro\u00dfe Auswahl von unterschiedlichen Batterietechnologien zur Verf\u00fcgung.<\/p>\n<p>Alle Computerstromversorgungen in unserem Produktprogramm zeichnen sich besonders durch ihre Langzeitverf\u00fcgbarkeit von typisch 15 Jahren aus. Der Hersteller garantiert eine Verf\u00fcgbarkeit von mindestens 10 Jahren.<\/p>\n<\/div><\/section><\/div><div class='av-flex-placeholder'><\/div>\n<style type=\"text\/css\" data-created_by=\"avia_inline_auto\" id=\"style-css-av-av_one_fourth-54328532fcdbb11aed82b3116af86d5c\">\n.flex_column.av-av_one_fourth-54328532fcdbb11aed82b3116af86d5c{\nborder-radius:0px 0px 0px 0px;\npadding:0px 0px 0px 0px;\n}\n<\/style>\n<div  class='flex_column av-av_one_fourth-54328532fcdbb11aed82b3116af86d5c av_one_fourth  avia-builder-el-8  el_after_av_two_fifth  avia-builder-el-last  flex_column_table_cell av-equal-height-column av-align-top av-zero-column-padding  '     ><style type=\"text\/css\" data-created_by=\"avia_inline_auto\" id=\"style-css-av-av_font_icon-704c7cf8656fbfcb8188cd9560c592a1\">\n.av_font_icon.av-av_font_icon-704c7cf8656fbfcb8188cd9560c592a1 .av-icon-char{\nfont-size:121px;\nline-height:121px;\n}\n<\/style>\n<span  class='av_font_icon av-av_font_icon-704c7cf8656fbfcb8188cd9560c592a1 avia_animate_when_visible av-icon-style- avia-icon-pos-center avia-iconfont avia-font-entypo-fontello av-no-color avia-icon-animate'><span class='av-icon-char' data-av_icon='\ue8b4' data-av_iconfont='entypo-fontello' aria-hidden=\"true\" ><\/span><\/span><\/div><\/div><!--close column table wrapper. Autoclose: 1 --><\/div><\/div><\/div><!-- close content main div --><\/div><\/div><div id='av_section_3'  class='avia-section av-av_section-2dcda1862a94bb522b437cf4f29dd74d main_color avia-section-default avia-no-shadow  avia-builder-el-10  el_after_av_section  el_before_av_section  avia-bg-style-scroll container_wrap sidebar_right'  ><div class='container av-section-cont-open' ><div class='template-page content  av-content-small alpha units'><div class='post-entry post-entry-type-page post-entry-5205'><div class='entry-content-wrapper clearfix'>\n<div class='flex_column_table av-av_one_fourth-98d7e62f3a99401b22a870a5644bedbe sc-av_one_fourth av-equal-height-column-flextable'>\n<style type=\"text\/css\" data-created_by=\"avia_inline_auto\" id=\"style-css-av-av_one_fourth-98d7e62f3a99401b22a870a5644bedbe\">\n.flex_column.av-av_one_fourth-98d7e62f3a99401b22a870a5644bedbe{\nborder-radius:0px 0px 0px 0px;\npadding:0px 0px 0px 0px;\n}\n<\/style>\n<div  class='flex_column av-av_one_fourth-98d7e62f3a99401b22a870a5644bedbe av_one_fourth  avia-builder-el-11  el_before_av_one_half  avia-builder-el-first  first flex_column_table_cell av-equal-height-column av-align-middle av-zero-column-padding  '     ><style type=\"text\/css\" data-created_by=\"avia_inline_auto\" id=\"style-css-av-av_image-37ffb967f59662a793f8ed1a3dfae4a7\">\n.avia-image-container.av-av_image-37ffb967f59662a793f8ed1a3dfae4a7 img.avia_image{\nbox-shadow:none;\n}\n.avia-image-container.av-av_image-37ffb967f59662a793f8ed1a3dfae4a7 .av-image-caption-overlay-center{\ncolor:#ffffff;\n}\n<\/style>\n<div  class='avia-image-container av-av_image-37ffb967f59662a793f8ed1a3dfae4a7 av-styling- av-img-linked avia-align-center  avia-builder-el-12  avia-builder-el-no-sibling '   itemprop=\"image\" itemscope=\"itemscope\" itemtype=\"https:\/\/schema.org\/ImageObject\" ><div class=\"avia-image-container-inner\"><div class=\"avia-image-overlay-wrap\"><a href=\"https:\/\/www.berger-stromversorgungen.de\/en\/products\/industrial-computer-power-supplies\/ac-input\/\" class='avia_image '  aria-label='ePCSA-650P_frei'><img decoding=\"async\" fetchpriority=\"high\" class='wp-image-5208 avia-img-lazy-loading-not-5208 avia_image ' src=\"https:\/\/www.berger-stromversorgungen.de\/wp-content\/uploads\/ePCSA-650P_frei-400x340.png\" alt='' title='ePCSA-650P_frei'  height=\"340\" width=\"400\"  itemprop=\"thumbnailUrl\" srcset=\"https:\/\/www.berger-stromversorgungen.de\/wp-content\/uploads\/ePCSA-650P_frei-400x340.png 400w, https:\/\/www.berger-stromversorgungen.de\/wp-content\/uploads\/ePCSA-650P_frei-450x382.png 450w, https:\/\/www.berger-stromversorgungen.de\/wp-content\/uploads\/ePCSA-650P_frei.png 610w\" sizes=\"(max-width: 400px) 100vw, 400px\" \/><\/a><\/div><\/div><\/div><\/div><div class='av-flex-placeholder'><\/div>\n<style type=\"text\/css\" data-created_by=\"avia_inline_auto\" id=\"style-css-av-av_one_half-c8fc129dc35fd1ae2a1e410224d39ea8\">\n.flex_column.av-av_one_half-c8fc129dc35fd1ae2a1e410224d39ea8{\nborder-radius:0px 0px 0px 0px;\npadding:0px 0px 0px 0px;\n}\n<\/style>\n<div  class='flex_column av-av_one_half-c8fc129dc35fd1ae2a1e410224d39ea8 av_one_half  avia-builder-el-13  el_after_av_one_fourth  el_before_av_one_fourth  flex_column_table_cell av-equal-height-column av-align-middle av-zero-column-padding  '     ><p>\n<style type=\"text\/css\" data-created_by=\"avia_inline_auto\" id=\"style-css-av-av_heading-a58f02224d7254a441ed81ca16023e4d\">\n#top .av-special-heading.av-av_heading-a58f02224d7254a441ed81ca16023e4d{\npadding-bottom:0;\ncolor:#ff9900;\nfont-size:21px;\n}\nbody .av-special-heading.av-av_heading-a58f02224d7254a441ed81ca16023e4d .av-special-heading-tag .heading-char{\nfont-size:25px;\n}\n#top #wrap_all .av-special-heading.av-av_heading-a58f02224d7254a441ed81ca16023e4d .av-special-heading-tag{\nfont-size:21px;\n}\n.av-special-heading.av-av_heading-a58f02224d7254a441ed81ca16023e4d .special-heading-inner-border{\nborder-color:#ff9900;\n}\n.av-special-heading.av-av_heading-a58f02224d7254a441ed81ca16023e4d .av-subheading{\nfont-size:15px;\n}\n\n@media only screen and (min-width: 480px) and (max-width: 767px){ \n#top #wrap_all .av-special-heading.av-av_heading-a58f02224d7254a441ed81ca16023e4d .av-special-heading-tag{\nfont-size:0.8em;\n}\n}\n\n@media only screen and (max-width: 479px){ \n#top #wrap_all .av-special-heading.av-av_heading-a58f02224d7254a441ed81ca16023e4d .av-special-heading-tag{\nfont-size:0.8em;\n}\n}\n<\/style>\n<div  class='av-special-heading av-av_heading-a58f02224d7254a441ed81ca16023e4d av-special-heading-h4 custom-color-heading blockquote modern-quote  avia-builder-el-14  el_before_av_hr  avia-builder-el-first  av-inherit-size'><h4 class='av-special-heading-tag '  itemprop=\"headline\"  >AC Input<\/h4><div class=\"special-heading-border\"><div class=\"special-heading-inner-border\"><\/div><\/div><\/div><br \/>\n\n<style type=\"text\/css\" data-created_by=\"avia_inline_auto\" id=\"style-css-av-av_hr-fa17c3a1ab901c1b556b5dbf573525c1\">\n#top .hr.av-av_hr-fa17c3a1ab901c1b556b5dbf573525c1{\nmargin-top:14;\nmargin-bottom:14;\n}\n.hr.av-av_hr-fa17c3a1ab901c1b556b5dbf573525c1 .hr-inner{\nwidth:100%;\nborder-color:#ff9900;\n}\n<\/style>\n<div  class='hr av-av_hr-fa17c3a1ab901c1b556b5dbf573525c1 hr-custom  avia-builder-el-15  el_after_av_heading  avia-builder-el-last  hr-center hr-icon-no'><span class='hr-inner inner-border-av-border-thin'><span class=\"hr-inner-style\"><\/span><\/span><\/div><\/p><\/div><div class='av-flex-placeholder'><\/div>\n<style type=\"text\/css\" data-created_by=\"avia_inline_auto\" id=\"style-css-av-av_one_fourth-c8fc129dc35fd1ae2a1e410224d39ea8\">\n.flex_column.av-av_one_fourth-c8fc129dc35fd1ae2a1e410224d39ea8{\nborder-radius:0px 0px 0px 0px;\npadding:0px 0px 0px 0px;\n}\n<\/style>\n<div  class='flex_column av-av_one_fourth-c8fc129dc35fd1ae2a1e410224d39ea8 av_one_fourth  avia-builder-el-16  el_after_av_one_half  avia-builder-el-last  flex_column_table_cell av-equal-height-column av-align-middle av-zero-column-padding  '     ><div  class='avia-button-wrap av-av_button-4733cf656aa201e36de305cd714e6f74-wrap avia-button-center  avia-builder-el-17  avia-builder-el-no-sibling '><a href='https:\/\/www.berger-stromversorgungen.de\/en\/products\/industrial-computer-power-supplies\/ac-input\/'  class='avia-button av-av_button-4733cf656aa201e36de305cd714e6f74 av-link-btn avia-icon_select-yes-right-icon avia-size-large avia-position-center avia-color-theme-color'   aria-label=\"More\"><span class='avia_iconbox_title' >More<\/span><span class='avia_button_icon avia_button_icon_right avia-iconfont avia-font-entypo-fontello' data-av_icon='\ue832' data-av_iconfont='entypo-fontello' ><\/span><\/a><\/div><\/div><\/div><!--close column table wrapper. Autoclose: 1 -->\n<\/p>\n<\/div><\/div><\/div><!-- close content main div --><\/div><\/div><div id='av_section_4'  class='avia-section av-av_section-2dcda1862a94bb522b437cf4f29dd74d main_color avia-section-default avia-no-shadow  avia-builder-el-18  el_after_av_section  avia-builder-el-last  avia-bg-style-scroll container_wrap sidebar_right'  ><div class='container av-section-cont-open' ><div class='template-page content  av-content-small alpha units'><div class='post-entry post-entry-type-page post-entry-5205'><div class='entry-content-wrapper clearfix'>\n<div class='flex_column_table av-av_one_fourth-98d7e62f3a99401b22a870a5644bedbe sc-av_one_fourth av-equal-height-column-flextable'>\n<style type=\"text\/css\" data-created_by=\"avia_inline_auto\" id=\"style-css-av-av_one_fourth-98d7e62f3a99401b22a870a5644bedbe\">\n.flex_column.av-av_one_fourth-98d7e62f3a99401b22a870a5644bedbe{\nborder-radius:0px 0px 0px 0px;\npadding:0px 0px 0px 0px;\n}\n<\/style>\n<div  class='flex_column av-av_one_fourth-98d7e62f3a99401b22a870a5644bedbe av_one_fourth  avia-builder-el-19  el_before_av_one_half  avia-builder-el-first  first flex_column_table_cell av-equal-height-column av-align-middle av-zero-column-padding  '     ><style type=\"text\/css\" data-created_by=\"avia_inline_auto\" id=\"style-css-av-av_image-60ddef95d4d0606224e9a0c312baace3\">\n.avia-image-container.av-av_image-60ddef95d4d0606224e9a0c312baace3 img.avia_image{\nbox-shadow:none;\n}\n.avia-image-container.av-av_image-60ddef95d4d0606224e9a0c312baace3 .av-image-caption-overlay-center{\ncolor:#ffffff;\n}\n<\/style>\n<div  class='avia-image-container av-av_image-60ddef95d4d0606224e9a0c312baace3 av-styling- av-img-linked avia-align-center  avia-builder-el-20  avia-builder-el-no-sibling '   itemprop=\"image\" itemscope=\"itemscope\" itemtype=\"https:\/\/schema.org\/ImageObject\" ><div class=\"avia-image-container-inner\"><div class=\"avia-image-overlay-wrap\"><a href=\"https:\/\/www.berger-stromversorgungen.de\/en\/products\/industrial-computer-power-supplies\/with-integrated-ups-function\/\" class='avia_image '  aria-label='eNSP-300P-S20-11S_frei'><img decoding=\"async\" fetchpriority=\"high\" class='wp-image-5206 avia-img-lazy-loading-not-5206 avia_image ' src=\"https:\/\/www.berger-stromversorgungen.de\/wp-content\/uploads\/eNSP-300P-S20-11S_frei-400x317.png\" alt='' title='eNSP-300P-S20-11S_frei'  height=\"317\" width=\"400\"  itemprop=\"thumbnailUrl\" srcset=\"https:\/\/www.berger-stromversorgungen.de\/wp-content\/uploads\/eNSP-300P-S20-11S_frei-400x317.png 400w, https:\/\/www.berger-stromversorgungen.de\/wp-content\/uploads\/eNSP-300P-S20-11S_frei-450x356.png 450w, https:\/\/www.berger-stromversorgungen.de\/wp-content\/uploads\/eNSP-300P-S20-11S_frei.png 508w\" sizes=\"(max-width: 400px) 100vw, 400px\" \/><\/a><\/div><\/div><\/div><\/div><div class='av-flex-placeholder'><\/div>\n<style type=\"text\/css\" data-created_by=\"avia_inline_auto\" id=\"style-css-av-av_one_half-c8fc129dc35fd1ae2a1e410224d39ea8\">\n.flex_column.av-av_one_half-c8fc129dc35fd1ae2a1e410224d39ea8{\nborder-radius:0px 0px 0px 0px;\npadding:0px 0px 0px 0px;\n}\n<\/style>\n<div  class='flex_column av-av_one_half-c8fc129dc35fd1ae2a1e410224d39ea8 av_one_half  avia-builder-el-21  el_after_av_one_fourth  el_before_av_one_fourth  flex_column_table_cell av-equal-height-column av-align-middle av-zero-column-padding  '     ><p>\n<style type=\"text\/css\" data-created_by=\"avia_inline_auto\" id=\"style-css-av-av_heading-3de26f2bb0696f0347eb3c2cac6858b6\">\n#top .av-special-heading.av-av_heading-3de26f2bb0696f0347eb3c2cac6858b6{\npadding-bottom:0;\ncolor:#ff9900;\nfont-size:21px;\n}\nbody .av-special-heading.av-av_heading-3de26f2bb0696f0347eb3c2cac6858b6 .av-special-heading-tag .heading-char{\nfont-size:25px;\n}\n#top #wrap_all .av-special-heading.av-av_heading-3de26f2bb0696f0347eb3c2cac6858b6 .av-special-heading-tag{\nfont-size:21px;\n}\n.av-special-heading.av-av_heading-3de26f2bb0696f0347eb3c2cac6858b6 .special-heading-inner-border{\nborder-color:#ff9900;\n}\n.av-special-heading.av-av_heading-3de26f2bb0696f0347eb3c2cac6858b6 .av-subheading{\nfont-size:15px;\n}\n\n@media only screen and (min-width: 480px) and (max-width: 767px){ \n#top #wrap_all .av-special-heading.av-av_heading-3de26f2bb0696f0347eb3c2cac6858b6 .av-special-heading-tag{\nfont-size:0.8em;\n}\n}\n\n@media only screen and (max-width: 479px){ \n#top #wrap_all .av-special-heading.av-av_heading-3de26f2bb0696f0347eb3c2cac6858b6 .av-special-heading-tag{\nfont-size:0.8em;\n}\n}\n<\/style>\n<div  class='av-special-heading av-av_heading-3de26f2bb0696f0347eb3c2cac6858b6 av-special-heading-h4 custom-color-heading blockquote modern-quote  avia-builder-el-22  el_before_av_hr  avia-builder-el-first  av-inherit-size'><h4 class='av-special-heading-tag '  itemprop=\"headline\"  >with integrated UPS Function<\/h4><div class=\"special-heading-border\"><div class=\"special-heading-inner-border\"><\/div><\/div><\/div><br \/>\n\n<style type=\"text\/css\" data-created_by=\"avia_inline_auto\" id=\"style-css-av-av_hr-fa17c3a1ab901c1b556b5dbf573525c1\">\n#top .hr.av-av_hr-fa17c3a1ab901c1b556b5dbf573525c1{\nmargin-top:14;\nmargin-bottom:14;\n}\n.hr.av-av_hr-fa17c3a1ab901c1b556b5dbf573525c1 .hr-inner{\nwidth:100%;\nborder-color:#ff9900;\n}\n<\/style>\n<div  class='hr av-av_hr-fa17c3a1ab901c1b556b5dbf573525c1 hr-custom  avia-builder-el-23  el_after_av_heading  el_before_av_textblock  hr-center hr-icon-no'><span class='hr-inner inner-border-av-border-thin'><span class=\"hr-inner-style\"><\/span><\/span><\/div><br \/>\n<section  class='av_textblock_section av-av_textblock-2bd894dbf2e4bf2c4acf98ce4fbf94aa '   itemscope=\"itemscope\" itemtype=\"https:\/\/schema.org\/CreativeWork\" ><div class='avia_textblock'  itemprop=\"text\" ><p>AC\/DC-Netzteile f\u00fcr computerbasierte Systeme im Leistungsbereich von 75W \u2013 540W, nach ATX- und SFX-Spezifikation. Einige Serien sind zus\u00e4tzlich zu den typischen ATX-Ausg\u00e4ngen (3.3V, 5V, +12V, -12V, 5VSB) mit einem leistungsstarken 24VDC Ausgang ausgestattet.<\/p>\n<\/div><\/section><\/p><\/div><div class='av-flex-placeholder'><\/div>\n<style type=\"text\/css\" data-created_by=\"avia_inline_auto\" id=\"style-css-av-av_one_fourth-c8fc129dc35fd1ae2a1e410224d39ea8\">\n.flex_column.av-av_one_fourth-c8fc129dc35fd1ae2a1e410224d39ea8{\nborder-radius:0px 0px 0px 0px;\npadding:0px 0px 0px 0px;\n}\n<\/style>\n<div  class='flex_column av-av_one_fourth-c8fc129dc35fd1ae2a1e410224d39ea8 av_one_fourth  avia-builder-el-25  el_after_av_one_half  avia-builder-el-last  flex_column_table_cell av-equal-height-column av-align-middle av-zero-column-padding  '     ><div  class='avia-button-wrap av-av_button-ca05197247ef57692f6e2c4f3d30c0b4-wrap avia-button-center  avia-builder-el-26  avia-builder-el-no-sibling '><a href='https:\/\/www.berger-stromversorgungen.de\/en\/products\/industrial-computer-power-supplies\/with-integrated-ups-function\/'  class='avia-button av-av_button-ca05197247ef57692f6e2c4f3d30c0b4 av-link-btn avia-icon_select-yes-right-icon avia-size-large avia-position-center avia-color-theme-color'   aria-label=\"More\"><span class='avia_iconbox_title' >More<\/span><span class='avia_button_icon avia_button_icon_right avia-iconfont avia-font-entypo-fontello' data-av_icon='\ue832' data-av_iconfont='entypo-fontello' ><\/span><\/a><\/div><\/div><\/div><!--close column table wrapper. Autoclose: 1 -->\n<\/div><\/div><\/div><!-- close content main div --><\/div><\/div><div id='after_section_4'  class='main_color av_default_container_wrap container_wrap sidebar_right'  ><div class='container av-section-cont-open' ><div class='template-page content  av-content-small alpha units'><div class='post-entry post-entry-type-page post-entry-5205'><div class='entry-content-wrapper clearfix'>","protected":false},"excerpt":{"rendered":"","protected":false},"author":3,"featured_media":0,"parent":4827,"menu_order":400,"comment_status":"closed","ping_status":"closed","template":"","meta":{"footnotes":""},"class_list":["post-5205","page","type-page","status-publish","hentry"],"publishpress_future_action":{"enabled":false,"date":"2026-04-15 11:50:49","action":"draft","terms":[],"taxonomy":""},"_links":{"self":[{"href":"https:\/\/www.berger-stromversorgungen.de\/en\/wp-json\/wp\/v2\/pages\/5205","targetHints":{"allow":["GET"]}}],"collection":[{"href":"https:\/\/www.berger-stromversorgungen.de\/en\/wp-json\/wp\/v2\/pages"}],"about":[{"href":"https:\/\/www.berger-stromversorgungen.de\/en\/wp-json\/wp\/v2\/types\/page"}],"author":[{"embeddable":true,"href":"https:\/\/www.berger-stromversorgungen.de\/en\/wp-json\/wp\/v2\/users\/3"}],"replies":[{"embeddable":true,"href":"https:\/\/www.berger-stromversorgungen.de\/en\/wp-json\/wp\/v2\/comments?post=5205"}],"version-history":[{"count":0,"href":"https:\/\/www.berger-stromversorgungen.de\/en\/wp-json\/wp\/v2\/pages\/5205\/revisions"}],"up":[{"embeddable":true,"href":"https:\/\/www.berger-stromversorgungen.de\/en\/wp-json\/wp\/v2\/pages\/4827"}],"wp:attachment":[{"href":"https:\/\/www.berger-stromversorgungen.de\/en\/wp-json\/wp\/v2\/media?parent=5205"}],"curies":[{"name":"wp","href":"https:\/\/api.w.org\/{rel}","templated":true}]}}