  {"id":5522,"date":"2020-04-12T13:52:18","date_gmt":"2020-04-12T11:52:18","guid":{"rendered":"https:\/\/www.berger-stromversorgungen.de\/products\/led-lighting\/led-lights\/"},"modified":"2020-04-13T12:52:48","modified_gmt":"2020-04-13T10:52:48","slug":"led-lights","status":"publish","type":"page","link":"https:\/\/www.berger-stromversorgungen.de\/en\/products\/led-lighting\/led-lights\/","title":{"rendered":"LED Lights"},"content":{"rendered":"\n<style type=\"text\/css\" data-created_by=\"avia_inline_auto\" id=\"style-css-av-av_section-7e1f273e9e756719bb29d178b10d2e0d\">\n.avia-section.av-av_section-7e1f273e9e756719bb29d178b10d2e0d{\nbackground-color:#ff9900;\nbackground-image:unset;\n}\n<\/style>\n<div id='av_section_1'  class='avia-section av-av_section-7e1f273e9e756719bb29d178b10d2e0d main_color avia-section-small avia-no-shadow  avia-builder-el-0  el_before_av_section  avia-builder-el-first  avia-bg-style-scroll container_wrap sidebar_right'  ><div class='container av-section-cont-open' ><main  role=\"main\" itemprop=\"mainContentOfPage\"  class='template-page content  av-content-small alpha units'><div class='post-entry post-entry-type-page post-entry-5522'><div class='entry-content-wrapper clearfix'>\n\n<style type=\"text\/css\" data-created_by=\"avia_inline_auto\" id=\"style-css-av-av_one_full-15d750bd1b332b34c6e70b077ebbccdf\">\n.flex_column.av-av_one_full-15d750bd1b332b34c6e70b077ebbccdf{\nborder-radius:0px 0px 0px 0px;\npadding:0px 0px 0px 0px;\n}\n<\/style>\n<div  class='flex_column av-av_one_full-15d750bd1b332b34c6e70b077ebbccdf av_one_full  avia-builder-el-1  avia-builder-el-no-sibling  first flex_column_div av-zero-column-padding  '     ><\/div>\n\n<\/div><\/div><\/main><!-- close content main element --><\/div><\/div>\n<style type=\"text\/css\" data-created_by=\"avia_inline_auto\" id=\"style-css-av-av_section-a79e980f1656b51a99014702e1da799a\">\n.avia-section.av-av_section-a79e980f1656b51a99014702e1da799a{\nbackground-color:#eeeeee;\nbackground-image:unset;\n}\n<\/style>\n<div id='category_overview'  class='avia-section av-av_section-a79e980f1656b51a99014702e1da799a main_color avia-section-default avia-no-shadow  avia-builder-el-3  el_after_av_section  el_before_av_section  avia-bg-style-scroll container_wrap sidebar_right'  ><div class='container av-section-cont-open' ><div class='template-page content  av-content-small alpha units'><div class='post-entry post-entry-type-page post-entry-5522'><div class='entry-content-wrapper clearfix'>\n<div class='flex_column_table av-av_one_third-d4478351176c8e3ad2a6cd0a3e05eeec sc-av_one_third av-equal-height-column-flextable'>\n<style type=\"text\/css\" data-created_by=\"avia_inline_auto\" id=\"style-css-av-av_one_third-d4478351176c8e3ad2a6cd0a3e05eeec\">\n.flex_column.av-av_one_third-d4478351176c8e3ad2a6cd0a3e05eeec{\nborder-radius:0px 0px 0px 0px;\npadding:0px 0px 0px 0px;\n}\n<\/style>\n<div  class='flex_column av-av_one_third-d4478351176c8e3ad2a6cd0a3e05eeec av_one_third  avia-builder-el-4  el_before_av_two_third  avia-builder-el-first  first flex_column_table_cell av-equal-height-column av-align-top av-zero-column-padding  '     ><div  class='avia-builder-widget-area clearfix  avia-builder-el-5  avia-builder-el-no-sibling '><div id=\"nav_menu-12\" class=\"widget clearfix widget_nav_menu\"><div class=\"menu-led-lighting-technology-container\"><ul id=\"menu-led-lighting-technology\" class=\"menu\"><li id=\"menu-item-6033\" class=\"menu-item menu-item-type-post_type menu-item-object-page menu-item-6033\"><a href=\"https:\/\/www.berger-stromversorgungen.de\/en\/products\/\">Products<\/a><\/li>\n<li id=\"menu-item-6034\" class=\"menu-item menu-item-type-post_type menu-item-object-page menu-item-6034\"><a href=\"https:\/\/www.berger-stromversorgungen.de\/en\/kundenspezifische-netzteile\/\">Custom Power Supplies<\/a><\/li>\n<li id=\"menu-item-6035\" class=\"menu-item menu-item-type-post_type menu-item-object-page menu-item-6035\"><a href=\"https:\/\/www.berger-stromversorgungen.de\/en\/products\/power-supplies\/\">Power Supplies<\/a><\/li>\n<li id=\"menu-item-6036\" class=\"menu-item menu-item-type-post_type menu-item-object-page menu-item-6036\"><a href=\"https:\/\/www.berger-stromversorgungen.de\/en\/products\/dc-ups-for-industrial-applications\/\">DC-UPS for Industrial Applications<\/a><\/li>\n<li id=\"menu-item-6037\" class=\"menu-item menu-item-type-post_type menu-item-object-page menu-item-6037\"><a href=\"https:\/\/www.berger-stromversorgungen.de\/en\/products\/industrial-computer-power-supplies\/\">Industrial Computer Power Supplies<\/a><\/li>\n<li id=\"menu-item-6038\" class=\"menu-item menu-item-type-post_type menu-item-object-page menu-item-6038\"><a href=\"https:\/\/www.berger-stromversorgungen.de\/en\/products\/dc-dc-converters\/\">DC\/DC-Converters<\/a><\/li>\n<li id=\"menu-item-6039\" class=\"menu-item menu-item-type-post_type menu-item-object-page menu-item-6039\"><a href=\"https:\/\/www.berger-stromversorgungen.de\/en\/products\/power-over-ethernet-poe\/\">Power over Ethernet (PoE)<\/a><\/li>\n<li id=\"menu-item-6040\" class=\"menu-item menu-item-type-post_type menu-item-object-page menu-item-6040\"><a href=\"https:\/\/www.berger-stromversorgungen.de\/en\/products\/led-power-supplies\/\">LED Power Supplies<\/a><\/li>\n<li id=\"menu-item-6041\" class=\"menu-item menu-item-type-post_type menu-item-object-page menu-item-has-children menu-item-6041\"><a href=\"https:\/\/www.berger-stromversorgungen.de\/en\/products\/led-lighting\/\">LED Lighting<\/a>\n<ul class=\"sub-menu\">\n\t<li id=\"menu-item-6042\" class=\"menu-item menu-item-type-post_type menu-item-object-page menu-item-6042\"><a href=\"https:\/\/www.berger-stromversorgungen.de\/en\/products\/led-lighting\/led-lights\/\">LED Lights<\/a><\/li>\n\t<li id=\"menu-item-6043\" class=\"menu-item menu-item-type-post_type menu-item-object-page menu-item-6043\"><a href=\"https:\/\/www.berger-stromversorgungen.de\/en\/products\/led-power-supplies\/\">LED Power Supplies<\/a><\/li>\n\t<li id=\"menu-item-6044\" class=\"menu-item menu-item-type-post_type menu-item-object-page menu-item-6044\"><a href=\"https:\/\/www.berger-stromversorgungen.de\/en\/products\/led-lighting\/lighting-control\/\">Lighting Control<\/a><\/li>\n<\/ul>\n<\/li>\n<li id=\"menu-item-6045\" class=\"menu-item menu-item-type-post_type menu-item-object-page menu-item-6045\"><a href=\"https:\/\/www.berger-stromversorgungen.de\/en\/products\/e-mobility\/\">E Mobility<\/a><\/li>\n<\/ul><\/div><\/div><\/div><\/div><div class='av-flex-placeholder'><\/div>\n<style type=\"text\/css\" data-created_by=\"avia_inline_auto\" id=\"style-css-av-av_two_third-c8fc129dc35fd1ae2a1e410224d39ea8\">\n.flex_column.av-av_two_third-c8fc129dc35fd1ae2a1e410224d39ea8{\nborder-radius:0px 0px 0px 0px;\npadding:0px 0px 0px 0px;\n}\n<\/style>\n<div  class='flex_column av-av_two_third-c8fc129dc35fd1ae2a1e410224d39ea8 av_two_third  avia-builder-el-6  el_after_av_one_third  avia-builder-el-last  flex_column_table_cell av-equal-height-column av-align-top av-zero-column-padding  '     ><style type=\"text\/css\" data-created_by=\"avia_inline_auto\" id=\"style-css-av-av_image-cfa3913e4181ed57a6203e7732a6dbf0\">\n.avia-image-container.av-av_image-cfa3913e4181ed57a6203e7732a6dbf0 img.avia_image{\nbox-shadow:none;\n}\n.avia-image-container.av-av_image-cfa3913e4181ed57a6203e7732a6dbf0 .av-image-caption-overlay-center{\ncolor:#ffffff;\n}\n<\/style>\n<div  class='avia-image-container av-av_image-cfa3913e4181ed57a6203e7732a6dbf0 av-styling- avia-align-center  avia-builder-el-7  avia-builder-el-no-sibling '   itemprop=\"image\" itemscope=\"itemscope\" itemtype=\"https:\/\/schema.org\/ImageObject\" ><div class=\"avia-image-container-inner\"><div class=\"avia-image-overlay-wrap\"><img decoding=\"async\" fetchpriority=\"high\" class='wp-image-5525 avia-img-lazy-loading-not-5525 avia_image ' src=\"https:\/\/www.berger-stromversorgungen.de\/wp-content\/uploads\/led-panelleuchte-1_top.png\" alt='' title='led-panelleuchte-1_top'  height=\"600\" width=\"1500\"  itemprop=\"thumbnailUrl\" srcset=\"https:\/\/www.berger-stromversorgungen.de\/wp-content\/uploads\/led-panelleuchte-1_top.png 1500w, https:\/\/www.berger-stromversorgungen.de\/wp-content\/uploads\/led-panelleuchte-1_top-400x160.png 400w, https:\/\/www.berger-stromversorgungen.de\/wp-content\/uploads\/led-panelleuchte-1_top-768x307.png 768w, https:\/\/www.berger-stromversorgungen.de\/wp-content\/uploads\/led-panelleuchte-1_top-1030x412.png 1030w, https:\/\/www.berger-stromversorgungen.de\/wp-content\/uploads\/led-panelleuchte-1_top-705x282.png 705w, https:\/\/www.berger-stromversorgungen.de\/wp-content\/uploads\/led-panelleuchte-1_top-450x180.png 450w\" sizes=\"(max-width: 1500px) 100vw, 1500px\" \/><\/div><\/div><\/div><\/div><\/div><!--close column table wrapper. Autoclose: 1 -->\n\n<\/div><\/div><\/div><!-- close content main div --><\/div><\/div><div id='av_section_3'  class='avia-section av-av_section-2dcda1862a94bb522b437cf4f29dd74d main_color avia-section-default avia-no-shadow  avia-builder-el-8  el_after_av_section  el_before_av_section  avia-bg-style-scroll container_wrap sidebar_right'  ><div class='container av-section-cont-open' ><div class='template-page content  av-content-small alpha units'><div class='post-entry post-entry-type-page post-entry-5522'><div class='entry-content-wrapper clearfix'>\n\n<style type=\"text\/css\" data-created_by=\"avia_inline_auto\" id=\"style-css-av-av_one_fifth-15d750bd1b332b34c6e70b077ebbccdf\">\n.flex_column.av-av_one_fifth-15d750bd1b332b34c6e70b077ebbccdf{\nborder-radius:0px 0px 0px 0px;\npadding:0px 0px 0px 0px;\n}\n<\/style>\n<div  class='flex_column av-av_one_fifth-15d750bd1b332b34c6e70b077ebbccdf av_one_fifth  avia-builder-el-9  el_before_av_three_fifth  avia-builder-el-first  first flex_column_div av-zero-column-padding  '     ><\/div>\n<style type=\"text\/css\" data-created_by=\"avia_inline_auto\" id=\"style-css-av-av_three_fifth-c8fc129dc35fd1ae2a1e410224d39ea8\">\n.flex_column.av-av_three_fifth-c8fc129dc35fd1ae2a1e410224d39ea8{\nborder-radius:0px 0px 0px 0px;\npadding:0px 0px 0px 0px;\n}\n<\/style>\n<div  class='flex_column av-av_three_fifth-c8fc129dc35fd1ae2a1e410224d39ea8 av_three_fifth  avia-builder-el-10  el_after_av_one_fifth  el_before_av_one_fifth  flex_column_div av-zero-column-padding  '     ><p><section  class='av_textblock_section av-av_textblock-2bd894dbf2e4bf2c4acf98ce4fbf94aa '   itemscope=\"itemscope\" itemtype=\"https:\/\/schema.org\/CreativeWork\" ><div class='avia_textblock'  itemprop=\"text\" ><p><strong>BERGER liefert ein ausgew\u00e4hltes Sortiment an LED-Leuchten f\u00fcr den Einsatz in B\u00fcrogeb\u00e4uden, inklusive Besprechungs- oder Konferenzr\u00e4ume. Unsere LED-Leuchten erf\u00fcllen die hohen Beleuchtungsanforderungen f\u00fcr B\u00fcroarbeitspl\u00e4tze.<\/strong> Bei der Herstellung unserer Leuchten haben wir auf die Auswahl sehr hochwertiger Komponenten geachtet. Die Konzeption der Leuchten stellt eine zuverl\u00e4ssige Funktion \u00fcber lange Betriebszeiten ohne Wartungsaufwand sicher.<\/p>\n<\/div><\/section><br \/>\n<div  class='hr av-av_hr-0a43993582bd600f99dfd737f4f3c790 hr-default  avia-builder-el-12  el_after_av_textblock  el_before_av_heading '><span class='hr-inner '><span class=\"hr-inner-style\"><\/span><\/span><\/div><br \/>\n\n<style type=\"text\/css\" data-created_by=\"avia_inline_auto\" id=\"style-css-av-av_heading-9c6eb6439afb6ec2c19d43c1a00eae7e\">\n#top .av-special-heading.av-av_heading-9c6eb6439afb6ec2c19d43c1a00eae7e{\npadding-bottom:0;\n}\nbody .av-special-heading.av-av_heading-9c6eb6439afb6ec2c19d43c1a00eae7e .av-special-heading-tag .heading-char{\nfont-size:25px;\n}\n.av-special-heading.av-av_heading-9c6eb6439afb6ec2c19d43c1a00eae7e .av-subheading{\nfont-size:15px;\n}\n<\/style>\n<div  class='av-special-heading av-av_heading-9c6eb6439afb6ec2c19d43c1a00eae7e av-special-heading-h4 blockquote modern-quote  avia-builder-el-13  el_after_av_hr  el_before_av_iconlist '><h4 class='av-special-heading-tag '  itemprop=\"headline\"  >Features<\/h4><div class=\"special-heading-border\"><div class=\"special-heading-inner-border\"><\/div><\/div><\/div><br \/>\n\n<style type=\"text\/css\" data-created_by=\"avia_inline_auto\" id=\"style-css-av-av_iconlist-68dd900c3a253252ad07eaa05fbb3fcb\">\n#top .avia-icon-list-container.av-av_iconlist-68dd900c3a253252ad07eaa05fbb3fcb .iconlist_icon{\ncolor:#ff9900;\n}\n#top .avia-icon-list-container.av-av_iconlist-68dd900c3a253252ad07eaa05fbb3fcb .iconlist_icon svg:first-child{\nstroke:#ff9900;\nfill:#ff9900;\n}\n<\/style>\n<div  class='avia-icon-list-container av-av_iconlist-68dd900c3a253252ad07eaa05fbb3fcb  avia-builder-el-14  el_after_av_heading  el_before_av_hr  product-pros-list'><ul class='avia-icon-list avia_animate_when_almost_visible avia-icon-list-left av-iconlist-small av-av_iconlist-68dd900c3a253252ad07eaa05fbb3fcb avia-iconlist-animate'>\n<li><div class='iconlist_icon av-av_iconlist_item-a8a4fe0d2913a47fcc3d9acaf58bf0c7 avia-font-entypo-fontello avia-iconfont avia-font-entypo-fontello'><span class='av-icon-char' data-av_icon='\ue8b4' data-av_iconfont='entypo-fontello' aria-hidden=\"true\"><\/span><\/div><article class=\"article-icon-entry av-iconlist-empty\"  itemscope=\"itemscope\" itemtype=\"https:\/\/schema.org\/CreativeWork\" ><div class=\"iconlist_content_wrap\"><header class=\"entry-content-header\" aria-label=\"Icon: LED panel luminaires for grid ceilings with the 625 x 625mm mounting grid\"><div class='av_iconlist_title iconlist_title_small  '  itemprop=\"headline\" >LED panel luminaires for grid ceilings with the 625 x 625mm mounting grid<\/div><\/header><div class='iconlist_content '  itemprop=\"text\" ><\/div><\/div><footer class=\"entry-footer\"><\/footer><\/article><div class=\"iconlist-timeline\"><\/div><\/li>\n<li><div class='iconlist_icon av-av_iconlist_item-3dead3068a2e81455a600560f1a922ae avia-font-entypo-fontello avia-iconfont avia-font-entypo-fontello'><span class='av-icon-char' data-av_icon='\ue8b4' data-av_iconfont='entypo-fontello' aria-hidden=\"true\"><\/span><\/div><article class=\"article-icon-entry av-iconlist-empty\"  itemscope=\"itemscope\" itemtype=\"https:\/\/schema.org\/CreativeWork\" ><div class=\"iconlist_content_wrap\"><header class=\"entry-content-header\" aria-label=\"Icon: LED panel lights round with 200mm diameter\"><div class='av_iconlist_title iconlist_title_small  '  itemprop=\"headline\" >LED panel lights round with 200mm diameter<\/div><\/header><div class='iconlist_content '  itemprop=\"text\" ><\/div><\/div><footer class=\"entry-footer\"><\/footer><\/article><div class=\"iconlist-timeline\"><\/div><\/li>\n<li><div class='iconlist_icon av-av_iconlist_item-c257cdf8981a1569e8a6855d1e6f7d82 avia-font-entypo-fontello avia-iconfont avia-font-entypo-fontello'><span class='av-icon-char' data-av_icon='\ue8b4' data-av_iconfont='entypo-fontello' aria-hidden=\"true\"><\/span><\/div><article class=\"article-icon-entry av-iconlist-empty\"  itemscope=\"itemscope\" itemtype=\"https:\/\/schema.org\/CreativeWork\" ><div class=\"iconlist_content_wrap\"><header class=\"entry-content-header\" aria-label=\"Icon: Control Functions: Dimming via standard push-buttons, Bluetooth Low Energy (BLE), WiFi, 2G, 0...10V, EnOcean\"><div class='av_iconlist_title iconlist_title_small  '  itemprop=\"headline\" >Control Functions: Dimming via standard push-buttons, Bluetooth Low Energy (BLE), WiFi, 2G, 0...10V, EnOcean<\/div><\/header><div class='iconlist_content '  itemprop=\"text\" ><\/div><\/div><footer class=\"entry-footer\"><\/footer><\/article><div class=\"iconlist-timeline\"><\/div><\/li>\n<\/ul><\/div><br \/>\n<div  class='hr av-av_hr-0a43993582bd600f99dfd737f4f3c790 hr-default  avia-builder-el-15  el_after_av_iconlist  el_before_av_toggle_container '><span class='hr-inner '><span class=\"hr-inner-style\"><\/span><\/span><\/div><br \/>\n<div  class='togglecontainer av-av_toggle_container-f23c217153f13956594ce1666337afc9 av-minimal-toggle  avia-builder-el-16  el_after_av_hr  el_before_av_hr  toggle_close_all' >\n<section class='av_toggle_section av-av_toggle-ca70a56270efb5b1e301b680ec9f0bc6'  itemscope=\"itemscope\" itemtype=\"https:\/\/schema.org\/CreativeWork\" ><div role=\"tablist\" class=\"single_toggle\" data-tags=\"{All} \"  ><p id='toggle-toggle-id-1' data-fake-id='#toggle-id-1' class='toggler  av-title-above '  itemprop=\"headline\"  role='tab' tabindex='0' aria-controls='toggle-id-1' data-slide-speed=\"200\" data-title=\"Applications\" data-title-open=\"\" data-aria_collapsed=\"Click to expand: Applications\" data-aria_expanded=\"Click to collapse: Applications\">Applications<span class=\"toggle_icon\"><span class=\"vert_icon\"><\/span><span class=\"hor_icon\"><\/span><\/span><\/p><div id='toggle-id-1' aria-labelledby='toggle-toggle-id-1' role='region' class='toggle_wrap  av-title-above'  ><div class='toggle_content invers-color '  itemprop=\"text\" ><ul>\n<li>B\u00fcros<\/li>\n<li>Besprechungsr\u00e4ume<\/li>\n<li>Konferenzr\u00e4ume<\/li>\n<\/ul>\n<\/div><\/div><\/div><\/section>\n<\/div><br \/>\n<div  class='hr av-av_hr-0a43993582bd600f99dfd737f4f3c790 hr-default  avia-builder-el-17  el_after_av_toggle_container  el_before_av_heading '><span class='hr-inner '><span class=\"hr-inner-style\"><\/span><\/span><\/div><br \/>\n\n<style type=\"text\/css\" data-created_by=\"avia_inline_auto\" id=\"style-css-av-av_heading-83d735e8f6139608cf5c6aea1d13e74a\">\n#top .av-special-heading.av-av_heading-83d735e8f6139608cf5c6aea1d13e74a{\npadding-bottom:28px;\n}\nbody .av-special-heading.av-av_heading-83d735e8f6139608cf5c6aea1d13e74a .av-special-heading-tag .heading-char{\nfont-size:25px;\n}\n.av-special-heading.av-av_heading-83d735e8f6139608cf5c6aea1d13e74a .av-subheading{\nfont-size:15px;\n}\n<\/style>\n<div  class='av-special-heading av-av_heading-83d735e8f6139608cf5c6aea1d13e74a av-special-heading-h4 blockquote modern-quote  avia-builder-el-18  el_after_av_hr  el_before_av_button '><h4 class='av-special-heading-tag '  itemprop=\"headline\"  >More information and all products of this product category:<\/h4><div class=\"special-heading-border\"><div class=\"special-heading-inner-border\"><\/div><\/div><\/div><br \/>\n<div  class='avia-button-wrap av-av_button-95062b44437e41051efad9816743b396-wrap avia-button-center  avia-builder-el-19  el_after_av_heading  avia-builder-el-last '><a href=''  class='avia-button av-av_button-95062b44437e41051efad9816743b396 av-link-btn avia-icon_select-yes-left-icon avia-size-large avia-position-center avia-color-theme-color'   aria-label=\"All Products and further Technical Details\"><span class='avia_button_icon avia_button_icon_left avia-iconfont avia-font-entypo-fontello' data-av_icon='\ue84b' data-av_iconfont='entypo-fontello' ><\/span><span class='avia_iconbox_title' >All Products and further Technical Details<\/span><\/a><\/div><\/p><\/div>\n<style type=\"text\/css\" data-created_by=\"avia_inline_auto\" id=\"style-css-av-av_one_fifth-c8fc129dc35fd1ae2a1e410224d39ea8\">\n.flex_column.av-av_one_fifth-c8fc129dc35fd1ae2a1e410224d39ea8{\nborder-radius:0px 0px 0px 0px;\npadding:0px 0px 0px 0px;\n}\n<\/style>\n<div  class='flex_column av-av_one_fifth-c8fc129dc35fd1ae2a1e410224d39ea8 av_one_fifth  avia-builder-el-20  el_after_av_three_fifth  avia-builder-el-last  flex_column_div av-zero-column-padding  '     ><style type=\"text\/css\" data-created_by=\"avia_inline_auto\" id=\"style-css-av-av_gallery-55f0e47883e4346bb4109d9cfd21f36e\">\n#top .avia-gallery.av-av_gallery-55f0e47883e4346bb4109d9cfd21f36e .avia-gallery-thumb a{\nwidth:100%;\n}\n<\/style>\n<div  class='avia-gallery av-av_gallery-55f0e47883e4346bb4109d9cfd21f36e avia_animate_when_visible  avia-builder-el-21  avia-builder-el-no-sibling  avia_lazyload avia-gallery-animate avia-gallery-1'  itemprop=\"image\" itemscope=\"itemscope\" itemtype=\"https:\/\/schema.org\/ImageObject\" ><meta itemprop=\"contentURL\" content=\"https:\/\/www.berger-stromversorgungen.de\/en\/products\/led-lighting\/led-lights\/\"><div class='avia-gallery-thumb'><a href=\"https:\/\/www.berger-stromversorgungen.de\/wp-content\/uploads\/led-panelleuchte1_frei.png\" data-srcset=\"https:\/\/www.berger-stromversorgungen.de\/wp-content\/uploads\/led-panelleuchte1_frei.png 694w, https:\/\/www.berger-stromversorgungen.de\/wp-content\/uploads\/led-panelleuchte1_frei-400x352.png 400w, https:\/\/www.berger-stromversorgungen.de\/wp-content\/uploads\/led-panelleuchte1_frei-450x396.png 450w\" data-sizes=\"(max-width: 694px) 100vw, 694px\" data-rel='gallery-1' data-prev-img='https:\/\/www.berger-stromversorgungen.de\/wp-content\/uploads\/led-panelleuchte1_frei-495x400.png' class='first_thumb lightbox ' data-onclick='1' title='LED-Panelleuchte'  itemprop=\"thumbnailUrl\"  ><img decoding=\"async\" fetchpriority=\"high\" class=\"wp-image-5523 avia-img-lazy-loading-not-5523\"  data-avia-tooltip='LED-Panelleuchte' src=\"https:\/\/www.berger-stromversorgungen.de\/wp-content\/uploads\/led-panelleuchte1_frei-400x352.png\" width=\"400\" height=\"352\"  title='led-panelleuchte1_frei' alt='' srcset=\"https:\/\/www.berger-stromversorgungen.de\/wp-content\/uploads\/led-panelleuchte1_frei-400x352.png 400w, https:\/\/www.berger-stromversorgungen.de\/wp-content\/uploads\/led-panelleuchte1_frei-450x396.png 450w, https:\/\/www.berger-stromversorgungen.de\/wp-content\/uploads\/led-panelleuchte1_frei.png 694w\" sizes=\"(max-width: 400px) 100vw, 400px\" \/><div class='big-prev-fake'><img decoding=\"async\" loading=\"lazy\" class=\"wp-image-5523 avia-img-lazy-loading-5523\"  width=\"495\" height=\"400\" src=\"https:\/\/www.berger-stromversorgungen.de\/wp-content\/uploads\/led-panelleuchte1_frei-495x400.png\" title='led-panelleuchte1_frei' alt='' \/><\/div><\/a><\/div><\/div><\/div>\n\n<\/div><\/div><\/div><!-- close content main div --><\/div><\/div>\n<style type=\"text\/css\" data-created_by=\"avia_inline_auto\" id=\"style-css-av-av_section-c940a3813a7dc030184770359e19af0d\">\n.avia-section.av-av_section-c940a3813a7dc030184770359e19af0d{\nbackground-color:#efefef;\nbackground-image:unset;\n}\n<\/style>\n<div id='av_section_4'  class='avia-section av-av_section-c940a3813a7dc030184770359e19af0d main_color avia-section-default avia-no-shadow  avia-builder-el-22  el_after_av_section  avia-builder-el-last  avia-bg-style-scroll container_wrap sidebar_right'  ><div class='container av-section-cont-open' ><div class='template-page content  av-content-small alpha units'><div class='post-entry post-entry-type-page post-entry-5522'><div class='entry-content-wrapper clearfix'>\n\n<style type=\"text\/css\" data-created_by=\"avia_inline_auto\" id=\"style-css-av-av_one_full-15d750bd1b332b34c6e70b077ebbccdf\">\n.flex_column.av-av_one_full-15d750bd1b332b34c6e70b077ebbccdf{\nborder-radius:0px 0px 0px 0px;\npadding:0px 0px 0px 0px;\n}\n<\/style>\n<div  class='flex_column av-av_one_full-15d750bd1b332b34c6e70b077ebbccdf av_one_full  avia-builder-el-23  avia-builder-el-no-sibling  first flex_column_div av-zero-column-padding  '     ><p>\n<style type=\"text\/css\" data-created_by=\"avia_inline_auto\" id=\"style-css-av-av_heading-c70a2705173138d48dac50f6affeb4e3\">\n#top .av-special-heading.av-av_heading-c70a2705173138d48dac50f6affeb4e3{\npadding-bottom:28px;\n}\nbody .av-special-heading.av-av_heading-c70a2705173138d48dac50f6affeb4e3 .av-special-heading-tag .heading-char{\nfont-size:25px;\n}\n.av-special-heading.av-av_heading-c70a2705173138d48dac50f6affeb4e3 .av-subheading{\nfont-size:15px;\n}\n<\/style>\n<div  class='av-special-heading av-av_heading-c70a2705173138d48dac50f6affeb4e3 av-special-heading-h4 blockquote modern-quote  avia-builder-el-24  el_before_av_content_slider  avia-builder-el-first '><h4 class='av-special-heading-tag '  itemprop=\"headline\"  >You might find this also interesting<\/h4><div class=\"special-heading-border\"><div class=\"special-heading-inner-border\"><\/div><\/div><\/div><br \/>\n<div  class='avia-content-slider-element-container av-av_content_slider-c80d27cc6868b5eb40f8bd6f269e4b41 avia-content-slider-element-slider avia-content-slider avia-smallarrow-slider avia-content-slider-active avia-content-slider-odd  avia-builder-el-25  el_after_av_heading  avia-builder-el-last  av-slideshow-ui av-control-default av-nav-arrows-visible av-nav-dots-visible av-no-slider-navigation av-slideshow-manual av-loop-once av-loop-manual-endless avia-content-slider1' data-slideshow-options=\"{&quot;animation&quot;:&quot;slide&quot;,&quot;autoplay&quot;:false,&quot;loop_autoplay&quot;:&quot;once&quot;,&quot;interval&quot;:5,&quot;loop_manual&quot;:&quot;manual-endless&quot;,&quot;autoplay_stopper&quot;:false,&quot;noNavigation&quot;:false,&quot;bg_slider&quot;:false,&quot;keep_padding&quot;:&quot;&quot;,&quot;hoverpause&quot;:false,&quot;show_slide_delay&quot;:30}\"><div class='avia-smallarrow-slider-heading  no-content-slider-heading '><div class='new-special-heading'>&nbsp;<\/div><\/div><div class=\"avia-content-slider-inner\"><div class=\"slide-entry-wrap\"><section class='slide-entry av-av_content_slide-0bfca57a8854ca422f98bc1327a2db69 flex_column av_one_fifth post-entry slide-entry-overview slide-loop-1 slide-parity-odd  post-entry-last  first'  itemscope=\"itemscope\" itemtype=\"https:\/\/schema.org\/CreativeWork\" ><h3 class='slide-entry-title entry-title '  itemprop=\"headline\" ><a href='https:\/\/www.berger-stromversorgungen.de\/en\/products\/led-power-supplies\/'  title='LED Power Supplies'>LED Power Supplies<\/a><\/h3><\/section><\/div><\/div><\/div><\/p><\/div>\n<\/div><\/div><\/div><!-- close content main div --><\/div><\/div><div id='after_section_4'  class='main_color av_default_container_wrap container_wrap sidebar_right'  ><div class='container av-section-cont-open' ><div class='template-page content  av-content-small alpha units'><div class='post-entry post-entry-type-page post-entry-5522'><div class='entry-content-wrapper clearfix'>","protected":false},"excerpt":{"rendered":"","protected":false},"author":3,"featured_media":0,"parent":5515,"menu_order":100,"comment_status":"closed","ping_status":"closed","template":"","meta":{"footnotes":""},"class_list":["post-5522","page","type-page","status-publish","hentry"],"publishpress_future_action":{"enabled":false,"date":"2026-05-20 22:22:04","action":"draft","terms":[],"taxonomy":""},"_links":{"self":[{"href":"https:\/\/www.berger-stromversorgungen.de\/en\/wp-json\/wp\/v2\/pages\/5522","targetHints":{"allow":["GET"]}}],"collection":[{"href":"https:\/\/www.berger-stromversorgungen.de\/en\/wp-json\/wp\/v2\/pages"}],"about":[{"href":"https:\/\/www.berger-stromversorgungen.de\/en\/wp-json\/wp\/v2\/types\/page"}],"author":[{"embeddable":true,"href":"https:\/\/www.berger-stromversorgungen.de\/en\/wp-json\/wp\/v2\/users\/3"}],"replies":[{"embeddable":true,"href":"https:\/\/www.berger-stromversorgungen.de\/en\/wp-json\/wp\/v2\/comments?post=5522"}],"version-history":[{"count":0,"href":"https:\/\/www.berger-stromversorgungen.de\/en\/wp-json\/wp\/v2\/pages\/5522\/revisions"}],"up":[{"embeddable":true,"href":"https:\/\/www.berger-stromversorgungen.de\/en\/wp-json\/wp\/v2\/pages\/5515"}],"wp:attachment":[{"href":"https:\/\/www.berger-stromversorgungen.de\/en\/wp-json\/wp\/v2\/media?parent=5522"}],"curies":[{"name":"wp","href":"https:\/\/api.w.org\/{rel}","templated":true}]}}