  {"id":5542,"date":"2020-04-12T14:03:04","date_gmt":"2020-04-12T12:03:04","guid":{"rendered":"https:\/\/www.berger-stromversorgungen.de\/products\/e-mobility\/"},"modified":"2020-04-13T12:42:50","modified_gmt":"2020-04-13T10:42:50","slug":"e-mobility","status":"publish","type":"page","link":"https:\/\/www.berger-stromversorgungen.de\/en\/products\/e-mobility\/","title":{"rendered":"E Mobility"},"content":{"rendered":"\n<style type=\"text\/css\" data-created_by=\"avia_inline_auto\" id=\"style-css-av-av_section-7e1f273e9e756719bb29d178b10d2e0d\">\n.avia-section.av-av_section-7e1f273e9e756719bb29d178b10d2e0d{\nbackground-color:#ff9900;\nbackground-image:unset;\n}\n<\/style>\n<div id='av_section_1'  class='avia-section av-av_section-7e1f273e9e756719bb29d178b10d2e0d main_color avia-section-small avia-no-shadow  avia-builder-el-0  el_before_av_section  avia-builder-el-first  avia-bg-style-scroll container_wrap sidebar_right'  ><div class='container av-section-cont-open' ><main  role=\"main\" itemprop=\"mainContentOfPage\"  class='template-page content  av-content-small alpha units'><div class='post-entry post-entry-type-page post-entry-5542'><div class='entry-content-wrapper clearfix'>\n\n<style type=\"text\/css\" data-created_by=\"avia_inline_auto\" id=\"style-css-av-av_one_full-15d750bd1b332b34c6e70b077ebbccdf\">\n.flex_column.av-av_one_full-15d750bd1b332b34c6e70b077ebbccdf{\nborder-radius:0px 0px 0px 0px;\npadding:0px 0px 0px 0px;\n}\n<\/style>\n<div  class='flex_column av-av_one_full-15d750bd1b332b34c6e70b077ebbccdf av_one_full  avia-builder-el-1  avia-builder-el-no-sibling  first flex_column_div av-zero-column-padding  '     ><\/div>\n\n<\/div><\/div><\/main><!-- close content main element --><\/div><\/div>\n<style type=\"text\/css\" data-created_by=\"avia_inline_auto\" id=\"style-css-av-av_section-a79e980f1656b51a99014702e1da799a\">\n.avia-section.av-av_section-a79e980f1656b51a99014702e1da799a{\nbackground-color:#eeeeee;\nbackground-image:unset;\n}\n<\/style>\n<div id='category_overview'  class='avia-section av-av_section-a79e980f1656b51a99014702e1da799a main_color avia-section-default avia-no-shadow  avia-builder-el-3  el_after_av_section  el_before_av_section  avia-bg-style-scroll container_wrap sidebar_right'  ><div class='container av-section-cont-open' ><div class='template-page content  av-content-small alpha units'><div class='post-entry post-entry-type-page post-entry-5542'><div class='entry-content-wrapper clearfix'>\n<div class='flex_column_table av-av_one_third-d4478351176c8e3ad2a6cd0a3e05eeec sc-av_one_third av-equal-height-column-flextable'>\n<style type=\"text\/css\" data-created_by=\"avia_inline_auto\" id=\"style-css-av-av_one_third-d4478351176c8e3ad2a6cd0a3e05eeec\">\n.flex_column.av-av_one_third-d4478351176c8e3ad2a6cd0a3e05eeec{\nborder-radius:0px 0px 0px 0px;\npadding:0px 0px 0px 0px;\n}\n<\/style>\n<div  class='flex_column av-av_one_third-d4478351176c8e3ad2a6cd0a3e05eeec av_one_third  avia-builder-el-4  el_before_av_two_fifth  avia-builder-el-first  first flex_column_table_cell av-equal-height-column av-align-top av-zero-column-padding  '     ><div  class='avia-builder-widget-area clearfix  avia-builder-el-5  avia-builder-el-no-sibling '><div id=\"nav_menu-17\" class=\"widget clearfix widget_nav_menu\"><div class=\"menu-e-mobility-container\"><ul id=\"menu-e-mobility\" class=\"menu\"><li id=\"menu-item-6098\" class=\"menu-item menu-item-type-post_type menu-item-object-page menu-item-6098\"><a href=\"https:\/\/www.berger-stromversorgungen.de\/en\/products\/\">Products<\/a><\/li>\n<li id=\"menu-item-6099\" class=\"menu-item menu-item-type-post_type menu-item-object-page menu-item-6099\"><a href=\"https:\/\/www.berger-stromversorgungen.de\/en\/kundenspezifische-netzteile\/\">Custom Power Supplies<\/a><\/li>\n<li id=\"menu-item-6100\" class=\"menu-item menu-item-type-post_type menu-item-object-page menu-item-6100\"><a href=\"https:\/\/www.berger-stromversorgungen.de\/en\/products\/power-supplies\/\">Power Supplies<\/a><\/li>\n<li id=\"menu-item-6101\" class=\"menu-item menu-item-type-post_type menu-item-object-page menu-item-6101\"><a href=\"https:\/\/www.berger-stromversorgungen.de\/en\/products\/dc-ups-for-industrial-applications\/\">DC-UPS for Industrial Applications<\/a><\/li>\n<li id=\"menu-item-6102\" class=\"menu-item menu-item-type-post_type menu-item-object-page menu-item-6102\"><a href=\"https:\/\/www.berger-stromversorgungen.de\/en\/products\/industrial-computer-power-supplies\/\">Industrial Computer Power Supplies<\/a><\/li>\n<li id=\"menu-item-6103\" class=\"menu-item menu-item-type-post_type menu-item-object-page menu-item-6103\"><a href=\"https:\/\/www.berger-stromversorgungen.de\/en\/products\/dc-dc-converters\/\">DC\/DC-Converters<\/a><\/li>\n<li id=\"menu-item-6104\" class=\"menu-item menu-item-type-post_type menu-item-object-page menu-item-6104\"><a href=\"https:\/\/www.berger-stromversorgungen.de\/en\/products\/power-over-ethernet-poe\/\">Power over Ethernet (PoE)<\/a><\/li>\n<li id=\"menu-item-6105\" class=\"menu-item menu-item-type-post_type menu-item-object-page menu-item-6105\"><a href=\"https:\/\/www.berger-stromversorgungen.de\/en\/products\/led-power-supplies\/\">LED Power Supplies<\/a><\/li>\n<li id=\"menu-item-6106\" class=\"menu-item menu-item-type-post_type menu-item-object-page menu-item-6106\"><a href=\"https:\/\/www.berger-stromversorgungen.de\/en\/products\/led-lighting\/\">LED Lighting<\/a><\/li>\n<li id=\"menu-item-6107\" class=\"menu-item menu-item-type-post_type menu-item-object-page menu-item-has-children menu-item-6107\"><a href=\"https:\/\/www.berger-stromversorgungen.de\/en\/products\/e-mobility\/\">E Mobility<\/a>\n<ul class=\"sub-menu\">\n\t<li id=\"menu-item-6109\" class=\"menu-item menu-item-type-post_type menu-item-object-page menu-item-6109\"><a href=\"https:\/\/www.berger-stromversorgungen.de\/en\/products\/e-mobility\/battery-chargers\/\">Battery Chargers<\/a><\/li>\n<\/ul>\n<\/li>\n<\/ul><\/div><\/div><\/div><\/div><div class='av-flex-placeholder'><\/div>\n<style type=\"text\/css\" data-created_by=\"avia_inline_auto\" id=\"style-css-av-av_two_fifth-c8fc129dc35fd1ae2a1e410224d39ea8\">\n.flex_column.av-av_two_fifth-c8fc129dc35fd1ae2a1e410224d39ea8{\nborder-radius:0px 0px 0px 0px;\npadding:0px 0px 0px 0px;\n}\n<\/style>\n<div  class='flex_column av-av_two_fifth-c8fc129dc35fd1ae2a1e410224d39ea8 av_two_fifth  avia-builder-el-6  el_after_av_one_third  el_before_av_one_fourth  flex_column_table_cell av-equal-height-column av-align-top av-zero-column-padding  '     ><section  class='av_textblock_section av-av_textblock-2bd894dbf2e4bf2c4acf98ce4fbf94aa '   itemscope=\"itemscope\" itemtype=\"https:\/\/schema.org\/CreativeWork\" ><div class='avia_textblock'  itemprop=\"text\" ><p>Phihong Technology ist ein weltweit f\u00fchrender Hersteller von Netzteilen. Seit \u00fcber 40 Jahren ist Phihong im Bereich der Stromversorgungen ein Hersteller der ersten Klasse und wird von unseren Kunden weltweit als vertrauensw\u00fcrdige Marke anerkannt. Es werden st\u00e4ndig neue innovative Produkte entwickelt und gleichzeitig gro\u00dfen Wert auf Qualit\u00e4t und Sicherheit gelegt. Mit Blick auf den internationalen Trend des Umweltschutzes und der CO2-Reduktion entwickelt Phihong erfolgreich eine Familie hocheffizienter EV-Ladel\u00f6sungen.<\/p>\n<\/div><\/section><\/div><div class='av-flex-placeholder'><\/div>\n<style type=\"text\/css\" data-created_by=\"avia_inline_auto\" id=\"style-css-av-av_one_fourth-54328532fcdbb11aed82b3116af86d5c\">\n.flex_column.av-av_one_fourth-54328532fcdbb11aed82b3116af86d5c{\nborder-radius:0px 0px 0px 0px;\npadding:0px 0px 0px 0px;\n}\n<\/style>\n<div  class='flex_column av-av_one_fourth-54328532fcdbb11aed82b3116af86d5c av_one_fourth  avia-builder-el-8  el_after_av_two_fifth  avia-builder-el-last  flex_column_table_cell av-equal-height-column av-align-top av-zero-column-padding  '     ><style type=\"text\/css\" data-created_by=\"avia_inline_auto\" id=\"style-css-av-av_font_icon-0d9bc45b94b62fdbad49471d87b1c52f\">\n.av_font_icon.av-av_font_icon-0d9bc45b94b62fdbad49471d87b1c52f .av-icon-char{\nfont-size:121px;\nline-height:121px;\n}\n<\/style>\n<span  class='av_font_icon av-av_font_icon-0d9bc45b94b62fdbad49471d87b1c52f avia_animate_when_visible av-icon-style- avia-icon-pos-center avia-iconfont avia-font-entypo-fontello av-no-color avia-icon-animate'><span class='av-icon-char' data-av_icon='\ue8a2' data-av_iconfont='entypo-fontello' aria-hidden=\"true\" ><\/span><\/span><\/div><\/div><!--close column table wrapper. Autoclose: 1 -->\n\n<\/div><\/div><\/div><!-- close content main div --><\/div><\/div><div id='av_section_3'  class='avia-section av-av_section-2dcda1862a94bb522b437cf4f29dd74d main_color avia-section-default avia-no-shadow  avia-builder-el-10  el_after_av_section  el_before_av_section  avia-bg-style-scroll container_wrap sidebar_right'  ><div class='container av-section-cont-open' ><div class='template-page content  av-content-small alpha units'><div class='post-entry post-entry-type-page post-entry-5542'><div class='entry-content-wrapper clearfix'>\n<div class='flex_column_table av-av_one_fourth-98d7e62f3a99401b22a870a5644bedbe sc-av_one_fourth av-equal-height-column-flextable'>\n<style type=\"text\/css\" data-created_by=\"avia_inline_auto\" id=\"style-css-av-av_one_fourth-98d7e62f3a99401b22a870a5644bedbe\">\n.flex_column.av-av_one_fourth-98d7e62f3a99401b22a870a5644bedbe{\nborder-radius:0px 0px 0px 0px;\npadding:0px 0px 0px 0px;\n}\n<\/style>\n<div  class='flex_column av-av_one_fourth-98d7e62f3a99401b22a870a5644bedbe av_one_fourth  avia-builder-el-11  el_before_av_one_half  avia-builder-el-first  first flex_column_table_cell av-equal-height-column av-align-middle av-zero-column-padding  '     ><style type=\"text\/css\" data-created_by=\"avia_inline_auto\" id=\"style-css-av-av_image-87c8a563b7e97e1d1285e38342063a1b\">\n.avia-image-container.av-av_image-87c8a563b7e97e1d1285e38342063a1b img.avia_image{\nbox-shadow:none;\n}\n.avia-image-container.av-av_image-87c8a563b7e97e1d1285e38342063a1b .av-image-caption-overlay-center{\ncolor:#ffffff;\n}\n<\/style>\n<div  class='avia-image-container av-av_image-87c8a563b7e97e1d1285e38342063a1b av-styling- av-img-linked avia-align-center  avia-builder-el-12  avia-builder-el-no-sibling '   itemprop=\"image\" itemscope=\"itemscope\" itemtype=\"https:\/\/schema.org\/ImageObject\" ><div class=\"avia-image-container-inner\"><div class=\"avia-image-overlay-wrap\"><a href=\"https:\/\/www.berger-stromversorgungen.de\/en\/products\/e-mobility\/ev-charger\/\" class='avia_image '  aria-label='EV_NF32A_G01'><img decoding=\"async\" fetchpriority=\"high\" class='wp-image-5575 avia-img-lazy-loading-not-5575 avia_image ' src=\"https:\/\/www.berger-stromversorgungen.de\/wp-content\/uploads\/EV_NF32A_G01.png\" alt='' title='EV_NF32A_G01'  height=\"2952\" width=\"3936\"  itemprop=\"thumbnailUrl\" srcset=\"https:\/\/www.berger-stromversorgungen.de\/wp-content\/uploads\/EV_NF32A_G01.png 3936w, https:\/\/www.berger-stromversorgungen.de\/wp-content\/uploads\/EV_NF32A_G01-400x300.png 400w, https:\/\/www.berger-stromversorgungen.de\/wp-content\/uploads\/EV_NF32A_G01-768x576.png 768w, https:\/\/www.berger-stromversorgungen.de\/wp-content\/uploads\/EV_NF32A_G01-1030x773.png 1030w, https:\/\/www.berger-stromversorgungen.de\/wp-content\/uploads\/EV_NF32A_G01-1500x1125.png 1500w, https:\/\/www.berger-stromversorgungen.de\/wp-content\/uploads\/EV_NF32A_G01-705x529.png 705w, https:\/\/www.berger-stromversorgungen.de\/wp-content\/uploads\/EV_NF32A_G01-450x338.png 450w\" sizes=\"(max-width: 3936px) 100vw, 3936px\" \/><\/a><\/div><\/div><\/div><\/div><div class='av-flex-placeholder'><\/div>\n<style type=\"text\/css\" data-created_by=\"avia_inline_auto\" id=\"style-css-av-av_one_half-c8fc129dc35fd1ae2a1e410224d39ea8\">\n.flex_column.av-av_one_half-c8fc129dc35fd1ae2a1e410224d39ea8{\nborder-radius:0px 0px 0px 0px;\npadding:0px 0px 0px 0px;\n}\n<\/style>\n<div  class='flex_column av-av_one_half-c8fc129dc35fd1ae2a1e410224d39ea8 av_one_half  avia-builder-el-13  el_after_av_one_fourth  el_before_av_one_fourth  flex_column_table_cell av-equal-height-column av-align-middle av-zero-column-padding  '     ><p>\n<style type=\"text\/css\" data-created_by=\"avia_inline_auto\" id=\"style-css-av-av_heading-0ffbedc9f1690d20427a5eb4ea79ab66\">\n#top .av-special-heading.av-av_heading-0ffbedc9f1690d20427a5eb4ea79ab66{\npadding-bottom:0;\ncolor:#ff9900;\nfont-size:21px;\n}\nbody .av-special-heading.av-av_heading-0ffbedc9f1690d20427a5eb4ea79ab66 .av-special-heading-tag .heading-char{\nfont-size:25px;\n}\n#top #wrap_all .av-special-heading.av-av_heading-0ffbedc9f1690d20427a5eb4ea79ab66 .av-special-heading-tag{\nfont-size:21px;\n}\n.av-special-heading.av-av_heading-0ffbedc9f1690d20427a5eb4ea79ab66 .special-heading-inner-border{\nborder-color:#ff9900;\n}\n.av-special-heading.av-av_heading-0ffbedc9f1690d20427a5eb4ea79ab66 .av-subheading{\nfont-size:15px;\n}\n\n@media only screen and (min-width: 480px) and (max-width: 767px){ \n#top #wrap_all .av-special-heading.av-av_heading-0ffbedc9f1690d20427a5eb4ea79ab66 .av-special-heading-tag{\nfont-size:0.8em;\n}\n}\n\n@media only screen and (max-width: 479px){ \n#top #wrap_all .av-special-heading.av-av_heading-0ffbedc9f1690d20427a5eb4ea79ab66 .av-special-heading-tag{\nfont-size:0.8em;\n}\n}\n<\/style>\n<div  class='av-special-heading av-av_heading-0ffbedc9f1690d20427a5eb4ea79ab66 av-special-heading-h4 custom-color-heading blockquote modern-quote  avia-builder-el-14  el_before_av_hr  avia-builder-el-first  av-inherit-size'><h4 class='av-special-heading-tag '  itemprop=\"headline\"  >EV Charger<\/h4><div class=\"special-heading-border\"><div class=\"special-heading-inner-border\"><\/div><\/div><\/div><br \/>\n\n<style type=\"text\/css\" data-created_by=\"avia_inline_auto\" id=\"style-css-av-av_hr-fa17c3a1ab901c1b556b5dbf573525c1\">\n#top .hr.av-av_hr-fa17c3a1ab901c1b556b5dbf573525c1{\nmargin-top:14;\nmargin-bottom:14;\n}\n.hr.av-av_hr-fa17c3a1ab901c1b556b5dbf573525c1 .hr-inner{\nwidth:100%;\nborder-color:#ff9900;\n}\n<\/style>\n<div  class='hr av-av_hr-fa17c3a1ab901c1b556b5dbf573525c1 hr-custom  avia-builder-el-15  el_after_av_heading  avia-builder-el-last  hr-center hr-icon-no'><span class='hr-inner inner-border-av-border-thin'><span class=\"hr-inner-style\"><\/span><\/span><\/div><\/p><\/div><div class='av-flex-placeholder'><\/div>\n<style type=\"text\/css\" data-created_by=\"avia_inline_auto\" id=\"style-css-av-av_one_fourth-c8fc129dc35fd1ae2a1e410224d39ea8\">\n.flex_column.av-av_one_fourth-c8fc129dc35fd1ae2a1e410224d39ea8{\nborder-radius:0px 0px 0px 0px;\npadding:0px 0px 0px 0px;\n}\n<\/style>\n<div  class='flex_column av-av_one_fourth-c8fc129dc35fd1ae2a1e410224d39ea8 av_one_fourth  avia-builder-el-16  el_after_av_one_half  avia-builder-el-last  flex_column_table_cell av-equal-height-column av-align-middle av-zero-column-padding  '     ><div  class='avia-button-wrap av-av_button-2ffa65243c30ee9fd4ad8a7e6821045c-wrap avia-button-center  avia-builder-el-17  avia-builder-el-no-sibling '><a href='https:\/\/www.berger-stromversorgungen.de\/en\/products\/e-mobility\/ev-charger\/'  class='avia-button av-av_button-2ffa65243c30ee9fd4ad8a7e6821045c av-link-btn avia-icon_select-yes-right-icon avia-size-large avia-position-center avia-color-theme-color'   aria-label=\"More\"><span class='avia_iconbox_title' >More<\/span><span class='avia_button_icon avia_button_icon_right avia-iconfont avia-font-entypo-fontello' data-av_icon='\ue832' data-av_iconfont='entypo-fontello' ><\/span><\/a><\/div><\/div><\/div><!--close column table wrapper. Autoclose: 1 -->\n\n<\/div><\/div><\/div><!-- close content main div --><\/div><\/div>\n<style type=\"text\/css\" data-created_by=\"avia_inline_auto\" id=\"style-css-av-av_section-c940a3813a7dc030184770359e19af0d\">\n.avia-section.av-av_section-c940a3813a7dc030184770359e19af0d{\nbackground-color:#efefef;\nbackground-image:unset;\n}\n<\/style>\n<div id='av_section_4'  class='avia-section av-av_section-c940a3813a7dc030184770359e19af0d main_color avia-section-default avia-no-shadow  avia-builder-el-18  el_after_av_section  avia-builder-el-last  avia-bg-style-scroll container_wrap sidebar_right'  ><div class='container av-section-cont-open' ><div class='template-page content  av-content-small alpha units'><div class='post-entry post-entry-type-page post-entry-5542'><div class='entry-content-wrapper clearfix'>\n<div class='flex_column_table av-av_one_fourth-98d7e62f3a99401b22a870a5644bedbe sc-av_one_fourth av-equal-height-column-flextable'>\n<style type=\"text\/css\" data-created_by=\"avia_inline_auto\" id=\"style-css-av-av_one_fourth-98d7e62f3a99401b22a870a5644bedbe\">\n.flex_column.av-av_one_fourth-98d7e62f3a99401b22a870a5644bedbe{\nborder-radius:0px 0px 0px 0px;\npadding:0px 0px 0px 0px;\n}\n<\/style>\n<div  class='flex_column av-av_one_fourth-98d7e62f3a99401b22a870a5644bedbe av_one_fourth  avia-builder-el-19  el_before_av_one_half  avia-builder-el-first  first flex_column_table_cell av-equal-height-column av-align-middle av-zero-column-padding  '     ><style type=\"text\/css\" data-created_by=\"avia_inline_auto\" id=\"style-css-av-av_image-68b3e3be08f2ac6edc008e2603f8bd5c\">\n.avia-image-container.av-av_image-68b3e3be08f2ac6edc008e2603f8bd5c img.avia_image{\nbox-shadow:none;\n}\n.avia-image-container.av-av_image-68b3e3be08f2ac6edc008e2603f8bd5c .av-image-caption-overlay-center{\ncolor:#ffffff;\n}\n<\/style>\n<div  class='avia-image-container av-av_image-68b3e3be08f2ac6edc008e2603f8bd5c av-styling- av-img-linked avia-align-center  avia-builder-el-20  avia-builder-el-no-sibling '   itemprop=\"image\" itemscope=\"itemscope\" itemtype=\"https:\/\/schema.org\/ImageObject\" ><div class=\"avia-image-container-inner\"><div class=\"avia-image-overlay-wrap\"><a href=\"https:\/\/www.berger-stromversorgungen.de\/en\/products\/e-mobility\/ev-charger\/dc-fast-charger\/\" class='avia_image '  aria-label='da_set'><img decoding=\"async\" fetchpriority=\"high\" class='wp-image-4510 avia-img-lazy-loading-not-4510 avia_image ' src=\"https:\/\/www.berger-stromversorgungen.de\/wp-content\/uploads\/da_set.jpg\" alt='' title='da_set'  height=\"165\" width=\"297\"  itemprop=\"thumbnailUrl\"  \/><\/a><\/div><\/div><\/div><\/div><div class='av-flex-placeholder'><\/div>\n<style type=\"text\/css\" data-created_by=\"avia_inline_auto\" id=\"style-css-av-av_one_half-c8fc129dc35fd1ae2a1e410224d39ea8\">\n.flex_column.av-av_one_half-c8fc129dc35fd1ae2a1e410224d39ea8{\nborder-radius:0px 0px 0px 0px;\npadding:0px 0px 0px 0px;\n}\n<\/style>\n<div  class='flex_column av-av_one_half-c8fc129dc35fd1ae2a1e410224d39ea8 av_one_half  avia-builder-el-21  el_after_av_one_fourth  el_before_av_one_fourth  flex_column_table_cell av-equal-height-column av-align-middle av-zero-column-padding  '     ><p>\n<style type=\"text\/css\" data-created_by=\"avia_inline_auto\" id=\"style-css-av-av_heading-6b64864e740d34ef7c8c37a904d7131f\">\n#top .av-special-heading.av-av_heading-6b64864e740d34ef7c8c37a904d7131f{\npadding-bottom:0;\ncolor:#ff9900;\nfont-size:21px;\n}\nbody .av-special-heading.av-av_heading-6b64864e740d34ef7c8c37a904d7131f .av-special-heading-tag .heading-char{\nfont-size:25px;\n}\n#top #wrap_all .av-special-heading.av-av_heading-6b64864e740d34ef7c8c37a904d7131f .av-special-heading-tag{\nfont-size:21px;\n}\n.av-special-heading.av-av_heading-6b64864e740d34ef7c8c37a904d7131f .special-heading-inner-border{\nborder-color:#ff9900;\n}\n.av-special-heading.av-av_heading-6b64864e740d34ef7c8c37a904d7131f .av-subheading{\nfont-size:15px;\n}\n\n@media only screen and (min-width: 480px) and (max-width: 767px){ \n#top #wrap_all .av-special-heading.av-av_heading-6b64864e740d34ef7c8c37a904d7131f .av-special-heading-tag{\nfont-size:0.8em;\n}\n}\n\n@media only screen and (max-width: 479px){ \n#top #wrap_all .av-special-heading.av-av_heading-6b64864e740d34ef7c8c37a904d7131f .av-special-heading-tag{\nfont-size:0.8em;\n}\n}\n<\/style>\n<div  class='av-special-heading av-av_heading-6b64864e740d34ef7c8c37a904d7131f av-special-heading-h4 custom-color-heading blockquote modern-quote  avia-builder-el-22  el_before_av_hr  avia-builder-el-first  av-inherit-size'><h4 class='av-special-heading-tag '  itemprop=\"headline\"  >Battery Chargers<\/h4><div class=\"special-heading-border\"><div class=\"special-heading-inner-border\"><\/div><\/div><\/div><br \/>\n\n<style type=\"text\/css\" data-created_by=\"avia_inline_auto\" id=\"style-css-av-av_hr-fa17c3a1ab901c1b556b5dbf573525c1\">\n#top .hr.av-av_hr-fa17c3a1ab901c1b556b5dbf573525c1{\nmargin-top:14;\nmargin-bottom:14;\n}\n.hr.av-av_hr-fa17c3a1ab901c1b556b5dbf573525c1 .hr-inner{\nwidth:100%;\nborder-color:#ff9900;\n}\n<\/style>\n<div  class='hr av-av_hr-fa17c3a1ab901c1b556b5dbf573525c1 hr-custom  avia-builder-el-23  el_after_av_heading  avia-builder-el-last  hr-center hr-icon-no'><span class='hr-inner inner-border-av-border-thin'><span class=\"hr-inner-style\"><\/span><\/span><\/div><\/p><\/div><div class='av-flex-placeholder'><\/div>\n<style type=\"text\/css\" data-created_by=\"avia_inline_auto\" id=\"style-css-av-av_one_fourth-c8fc129dc35fd1ae2a1e410224d39ea8\">\n.flex_column.av-av_one_fourth-c8fc129dc35fd1ae2a1e410224d39ea8{\nborder-radius:0px 0px 0px 0px;\npadding:0px 0px 0px 0px;\n}\n<\/style>\n<div  class='flex_column av-av_one_fourth-c8fc129dc35fd1ae2a1e410224d39ea8 av_one_fourth  avia-builder-el-24  el_after_av_one_half  avia-builder-el-last  flex_column_table_cell av-equal-height-column av-align-middle av-zero-column-padding  '     ><div  class='avia-button-wrap av-av_button-f479e12e04a3e38d10b24936e828c648-wrap avia-button-center  avia-builder-el-25  avia-builder-el-no-sibling '><a href='https:\/\/www.berger-stromversorgungen.de\/en\/products\/e-mobility\/ev-charger\/dc-fast-charger\/'  class='avia-button av-av_button-f479e12e04a3e38d10b24936e828c648 av-link-btn avia-icon_select-yes-right-icon avia-size-large avia-position-center avia-color-theme-color'   aria-label=\"More\"><span class='avia_iconbox_title' >More<\/span><span class='avia_button_icon avia_button_icon_right avia-iconfont avia-font-entypo-fontello' data-av_icon='\ue832' data-av_iconfont='entypo-fontello' ><\/span><\/a><\/div><\/div><\/div><!--close column table wrapper. Autoclose: 1 --><\/div><\/div><\/div><!-- close content main div --><\/div><\/div><div id='after_section_4'  class='main_color av_default_container_wrap container_wrap sidebar_right'  ><div class='container av-section-cont-open' ><div class='template-page content  av-content-small alpha units'><div class='post-entry post-entry-type-page post-entry-5542'><div class='entry-content-wrapper clearfix'>","protected":false},"excerpt":{"rendered":"","protected":false},"author":3,"featured_media":0,"parent":4827,"menu_order":900,"comment_status":"closed","ping_status":"closed","template":"","meta":{"footnotes":""},"class_list":["post-5542","page","type-page","status-publish","hentry"],"publishpress_future_action":{"enabled":false,"date":"2026-04-15 12:04:33","action":"draft","terms":[],"taxonomy":""},"_links":{"self":[{"href":"https:\/\/www.berger-stromversorgungen.de\/en\/wp-json\/wp\/v2\/pages\/5542","targetHints":{"allow":["GET"]}}],"collection":[{"href":"https:\/\/www.berger-stromversorgungen.de\/en\/wp-json\/wp\/v2\/pages"}],"about":[{"href":"https:\/\/www.berger-stromversorgungen.de\/en\/wp-json\/wp\/v2\/types\/page"}],"author":[{"embeddable":true,"href":"https:\/\/www.berger-stromversorgungen.de\/en\/wp-json\/wp\/v2\/users\/3"}],"replies":[{"embeddable":true,"href":"https:\/\/www.berger-stromversorgungen.de\/en\/wp-json\/wp\/v2\/comments?post=5542"}],"version-history":[{"count":0,"href":"https:\/\/www.berger-stromversorgungen.de\/en\/wp-json\/wp\/v2\/pages\/5542\/revisions"}],"up":[{"embeddable":true,"href":"https:\/\/www.berger-stromversorgungen.de\/en\/wp-json\/wp\/v2\/pages\/4827"}],"wp:attachment":[{"href":"https:\/\/www.berger-stromversorgungen.de\/en\/wp-json\/wp\/v2\/media?parent=5542"}],"curies":[{"name":"wp","href":"https:\/\/api.w.org\/{rel}","templated":true}]}}