  {"id":6130,"date":"2020-04-15T13:37:52","date_gmt":"2020-04-15T11:37:52","guid":{"rendered":"https:\/\/www.berger-stromversorgungen.de\/?page_id=6130"},"modified":"2025-05-15T14:23:21","modified_gmt":"2025-05-15T12:23:21","slug":"qualitaet-und-umwelt-2","status":"publish","type":"page","link":"https:\/\/www.berger-stromversorgungen.de\/en\/company\/qualitaet-und-umwelt-2\/","title":{"rendered":"Quality and Environment"},"content":{"rendered":"\n<style type=\"text\/css\" data-created_by=\"avia_inline_auto\" id=\"style-css-av-26iweg-4c7d10c27d5c2d4509363e8977dc5343\">\n.avia-section.av-26iweg-4c7d10c27d5c2d4509363e8977dc5343{\nbackground-color:#ff9900;\nbackground-image:unset;\n}\n<\/style>\n<div id='av_section_1'  class='avia-section av-26iweg-4c7d10c27d5c2d4509363e8977dc5343 main_color avia-section-small avia-no-shadow  avia-builder-el-0  el_before_av_section  avia-builder-el-first  avia-bg-style-scroll container_wrap sidebar_right'  ><div class='container av-section-cont-open' ><main  role=\"main\" itemprop=\"mainContentOfPage\"  class='template-page content  av-content-small alpha units'><div class='post-entry post-entry-type-page post-entry-6130'><div class='entry-content-wrapper clearfix'>\n\n<style type=\"text\/css\" data-created_by=\"avia_inline_auto\" id=\"style-css-av-20mauo-5844397c211b3265e734f7746b7a9271\">\n.flex_column.av-20mauo-5844397c211b3265e734f7746b7a9271{\nborder-radius:0px 0px 0px 0px;\npadding:0px 0px 0px 0px;\n}\n<\/style>\n<div  class='flex_column av-20mauo-5844397c211b3265e734f7746b7a9271 av_one_full  avia-builder-el-1  avia-builder-el-no-sibling  first flex_column_div av-zero-column-padding  '     ><\/div>\n\n<\/div><\/div><\/main><!-- close content main element --><\/div><\/div>\n<style type=\"text\/css\" data-created_by=\"avia_inline_auto\" id=\"style-css-av-1s85jc-ce8b9c6b9736636bf688a83c073265db\">\n.avia-section.av-1s85jc-ce8b9c6b9736636bf688a83c073265db{\nbackground-color:#eeeeee;\nbackground-image:unset;\n}\n<\/style>\n<div id='category_overview'  class='avia-section av-1s85jc-ce8b9c6b9736636bf688a83c073265db main_color avia-section-default avia-no-shadow  avia-builder-el-3  el_after_av_section  el_before_av_tab_container  avia-bg-style-scroll container_wrap sidebar_right'  ><div class='container av-section-cont-open' ><div class='template-page content  av-content-small alpha units'><div class='post-entry post-entry-type-page post-entry-6130'><div class='entry-content-wrapper clearfix'>\n<div class='flex_column_table av-1kh38o-a5b610e5c72caff0f03c9cc97149e9df sc-av_one_fourth av-equal-height-column-flextable'>\n<style type=\"text\/css\" data-created_by=\"avia_inline_auto\" id=\"style-css-av-1kh38o-a5b610e5c72caff0f03c9cc97149e9df\">\n.flex_column.av-1kh38o-a5b610e5c72caff0f03c9cc97149e9df{\nborder-radius:0px 0px 0px 0px;\npadding:0px 0px 0px 0px;\n}\n<\/style>\n<div  class='flex_column av-1kh38o-a5b610e5c72caff0f03c9cc97149e9df av_one_fourth  avia-builder-el-4  el_before_av_one_half  avia-builder-el-first  first flex_column_table_cell av-equal-height-column av-align-middle av-zero-column-padding  '     ><div  class='avia-builder-widget-area clearfix  avia-builder-el-5  avia-builder-el-no-sibling '><div id=\"nav_menu-5\" class=\"widget clearfix widget_nav_menu\"><div class=\"menu-unternehmen-englisch-container\"><ul id=\"menu-unternehmen-englisch\" class=\"menu\"><li id=\"menu-item-5963\" class=\"menu-item menu-item-type-post_type menu-item-object-page menu-item-5963\"><a href=\"https:\/\/www.berger-stromversorgungen.de\/en\/company\/about-us\/\">About us<\/a><\/li>\n<li id=\"menu-item-5965\" class=\"menu-item menu-item-type-post_type menu-item-object-page menu-item-5965\"><a href=\"https:\/\/www.berger-stromversorgungen.de\/en\/company\/career\/\">Career<\/a><\/li>\n<\/ul><\/div><\/div><\/div><\/div><div class='av-flex-placeholder'><\/div>\n<style type=\"text\/css\" data-created_by=\"avia_inline_auto\" id=\"style-css-av-4new0-5c6379e5b2e305c99dc0516ea13ba1ed\">\n.flex_column.av-4new0-5c6379e5b2e305c99dc0516ea13ba1ed{\nborder-radius:0px 0px 0px 0px;\npadding:0px 0px 0px 0px;\n}\n<\/style>\n<div  class='flex_column av-4new0-5c6379e5b2e305c99dc0516ea13ba1ed av_one_half  avia-builder-el-6  el_after_av_one_fourth  el_before_av_one_fourth  flex_column_table_cell av-equal-height-column av-align-middle av-zero-column-padding  '     ><\/div><div class='av-flex-placeholder'><\/div>\n<style type=\"text\/css\" data-created_by=\"avia_inline_auto\" id=\"style-css-av-3vt28-3fe43d791b7808b5e9fb1645afb41889\">\n.flex_column.av-3vt28-3fe43d791b7808b5e9fb1645afb41889{\nborder-radius:0px 0px 0px 0px;\npadding:0px 0px 0px 0px;\n}\n<\/style>\n<div  class='flex_column av-3vt28-3fe43d791b7808b5e9fb1645afb41889 av_one_fourth  avia-builder-el-7  el_after_av_one_half  avia-builder-el-last  flex_column_table_cell av-equal-height-column av-align-middle av-zero-column-padding  '     ><style type=\"text\/css\" data-created_by=\"avia_inline_auto\" id=\"style-css-av-xa654-05d8a2faf6707ebf78be70a2ffd4ec56\">\n.av_font_icon.av-xa654-05d8a2faf6707ebf78be70a2ffd4ec56 .av-icon-char{\nfont-size:121px;\nline-height:121px;\n}\n<\/style>\n<span  class='av_font_icon av-xa654-05d8a2faf6707ebf78be70a2ffd4ec56 avia_animate_when_visible av-icon-style- avia-icon-pos-center avia-iconfont avia-font-entypo-fontello av-no-color avia-icon-animate'><span class='av-icon-char' data-av_icon='\ue8b8' data-av_iconfont='entypo-fontello' aria-hidden=\"true\" ><\/span><\/span><\/div><\/div><!--close column table wrapper. Autoclose: 1 -->\n<\/div><\/div><\/div><!-- close content main div --><\/div><\/div><div id='after_section_2'  class='main_color av_default_container_wrap container_wrap sidebar_right'  ><div class='container av-section-cont-open' ><div class='template-page content  av-content-small alpha units'><div class='post-entry post-entry-type-page post-entry-6130'><div class='entry-content-wrapper clearfix'>\n<div  class='tabcontainer av-r5k0g-a5f2c68d4efd1a14f2adb43c6937203d top_tab  avia-builder-el-9  el_after_av_section  avia-builder-el-no-sibling '>\n<section class='av_tab_section av_tab_section av-6wmi0-36e92cdac487d1ebf03541f883aa1602'  itemscope=\"itemscope\" itemtype=\"https:\/\/schema.org\/CreativeWork\" ><div id='tab-id-1-tab' class='tab active_tab' role='tab' aria-selected=\"true\" tabindex=\"0\" data-fake-id='#tab-id-1' aria-controls='tab-id-1-content'  itemprop=\"headline\" >Certificates<\/div><div id='tab-id-1-content' class='tab_content active_tab_content' role='tabpanel' aria-labelledby='tab-id-1-tab' aria-hidden=\"false\"><div class='tab_inner_content invers-color'  itemprop=\"text\" ><p><div id=\"attachment_7739\" style=\"width: 293px\" class=\"wp-caption alignnone\"><a href=\"https:\/\/www.berger-stromversorgungen.de\/wp-content\/uploads\/01-100-2300184_Main_EN.pdf\" target=\"_blank\" rel=\"noopener\"><img loading=\"lazy\" decoding=\"async\" aria-describedby=\"caption-attachment-7739\" class=\"wp-image-7739 size-medium\" src=\"https:\/\/www.berger-stromversorgungen.de\/wp-content\/uploads\/01-100-2300184_Main_EN-1-pdf-283x400.jpg\" alt=\"\" width=\"283\" height=\"400\" \/><\/a><p id=\"caption-attachment-7739\" class=\"wp-caption-text\">Quality management system according to ISO 9001:2015<\/p><\/div><br \/>\n<div id=\"attachment_7741\" style=\"width: 293px\" class=\"wp-caption alignnone\"><a href=\"https:\/\/www.berger-stromversorgungen.de\/wp-content\/uploads\/01-104-2300184_Main_EN-1.pdf\" target=\"_blank\" rel=\"noopener\"><img loading=\"lazy\" decoding=\"async\" aria-describedby=\"caption-attachment-7741\" class=\"wp-image-7741 size-medium\" src=\"https:\/\/www.berger-stromversorgungen.de\/wp-content\/uploads\/01-104-2300184_Main_EN-1-pdf-283x400.jpg\" alt=\"\" width=\"283\" height=\"400\" \/><\/a><p id=\"caption-attachment-7741\" class=\"wp-caption-text\">Environmental management system according to ISO 14001:2015<\/p><\/div><\/p>\n<\/div><\/div><\/section>\n<section class='av_tab_section av_tab_section av-1inh4-8e65489c9f6c6d77ea1c0e90187154fa'  itemscope=\"itemscope\" itemtype=\"https:\/\/schema.org\/CreativeWork\" ><div id='tab-id-2-tab' class='tab' role='tab' aria-selected=\"false\" tabindex=\"0\" data-fake-id='#tab-id-2' aria-controls='tab-id-2-content'  itemprop=\"headline\" >Company and Quality Policy<\/div><div id='tab-id-2-content' class='tab_content' role='tabpanel' aria-labelledby='tab-id-2-tab' aria-hidden=\"true\"><div class='tab_inner_content invers-color'  itemprop=\"text\" ><p>Excerpt from our <strong>company and quality policy<\/strong>:<\/p>\n<p><strong>1. Customer satisfaction<\/strong><br \/>\nCustomer satisfaction is our highest goal. We offer high-quality services and products at an optimal price-performance ratio. Comprehensive and honest advice is a matter of course. As far as possible we try to realize customer wishes.<\/p>\n<p><strong>2. Error prevention<\/strong><br \/>\nOur goal is to constantly eliminate errors, which is why we are constantly striving to optimize our work processes. Errors that occur are analyzed and ways to avoid them are developed.<\/p>\n<p><strong>3. Confidentiality of data<\/strong><br \/>\nWe treat our customers&#8217; information and data with absolute confidentiality and do not make it accessible to third parties. This confidentiality of information extends beyond the business sphere to personal discussions with our customers.<\/p>\n<p><strong>4. Quality<\/strong><br \/>\nWe consider ensuring and improving the quality of our services and products to be an essential aspect of corporate responsibility and due diligence. Ensuring high quality at the lowest possible cost is therefore one of our strategies for maintaining our competitiveness in the market.<\/p>\n<p><strong>5. conservation of resources and environmental aspects<\/strong><br \/>\nAn important point for us is the economical use of limited natural resources and a low environmental impact in our daily business activities. This includes management guidelines to develop new products that are manufactured in a resource-saving manner, operated in an energy-efficient manner and can be recycled at the end of their service life with minimal energy consumption and low environmental impact. Our power supplies are characterized by high efficiencies of up to 97% and thus make a significant contribution to saving primary energy.<br \/>\nIn this way, we aim to meet the social requirements of the coming years.<br \/>\nOur organization is committed to complying with the applicable legal requirements and other requirements relating to our environmental aspects.<br \/>\nOur manufacturers and we ourselves are aware of our social responsibility with regard to the environment, safety, health and human rights and understand that behavior in business transactions has an impact on society and the environment. In order to enable the peaceful, fair and sustainable use of our global resources, our manufacturers assure us that their products do not contain any hazardous substances as defined by the RoHS and REACH directives. We are also aware of our responsibility with regard to Conflict Minerals and are careful not to support or promote in any way the violence and violation of human rights in Central Africa in connection with the extraction of certain minerals and raw materials that are essential components of today&#8217;s electronics.<\/p>\n<hr \/>\n<p><strong>Definition of product life cycle<\/strong><\/p>\n<p>The term product life cycle refers to the sum of the individual phases that a product goes through over time. Similar to the life cycle of a living organism, a product passes through the phases of creation, growth, maturity and disposal.<\/p>\n<p><strong>Life cycle of electrical appliances<\/strong><\/p>\n<p>Industry must make its contribution to climate protection! That is why we are reducing our carbon footprint by cutting energy consumption in our facilities and working with manufacturers to make our products more energy-efficient.<br \/>\nThe recycling of electronic devices is also playing an increasingly important role.<br \/>\nMany devices used by private users usually end up in normal household waste. Hardly anyone pays attention to proper disposal. Many people are completely unaware that these items must be disposed of separately and do not know what options they have for disposing of their technical waste.<\/p>\n<p><strong>What do our manufacturers and we as a distribution company do?<\/strong><\/p>\n<ul>\n<li>Saving primary energy by developing power supplies with high energy efficiency<\/li>\n<li>Working towards a longer product lifetime<\/li>\n<li>Offer a good service, especially when it comes to repairs<\/li>\n<li>Advise end customers on the correct disposal of appliances<\/li>\n<li>Inform industrial customers about ElektroG<\/li>\n<\/ul>\n<hr \/>\n<p><img loading=\"lazy\" decoding=\"async\" class=\"aligncenter wp-image-2271 size-full\" src=\"https:\/\/www.berger-stromversorgungen.de\/wp-content\/uploads\/umwelt_g.jpg\" alt=\"\" width=\"1200\" height=\"980\" srcset=\"https:\/\/www.berger-stromversorgungen.de\/wp-content\/uploads\/umwelt_g.jpg 1200w, https:\/\/www.berger-stromversorgungen.de\/wp-content\/uploads\/umwelt_g-400x327.jpg 400w, https:\/\/www.berger-stromversorgungen.de\/wp-content\/uploads\/umwelt_g-768x627.jpg 768w, https:\/\/www.berger-stromversorgungen.de\/wp-content\/uploads\/umwelt_g-1030x841.jpg 1030w, https:\/\/www.berger-stromversorgungen.de\/wp-content\/uploads\/umwelt_g-705x576.jpg 705w, https:\/\/www.berger-stromversorgungen.de\/wp-content\/uploads\/umwelt_g-450x368.jpg 450w\" sizes=\"auto, (max-width: 1200px) 100vw, 1200px\" \/><\/p>\n<\/div><\/div><\/section>\n<section class='av_tab_section av_tab_section av-6wbp4-097f40ff7144b5c174f4e1b4f36eca4f'  itemscope=\"itemscope\" itemtype=\"https:\/\/schema.org\/CreativeWork\" ><div id='tab-id-3-tab' class='tab' role='tab' aria-selected=\"false\" tabindex=\"0\" data-fake-id='#tab-id-3' aria-controls='tab-id-3-content'  itemprop=\"headline\" >Information on Electrical and Electronic Equipment<\/div><div id='tab-id-3-content' class='tab_content' role='tabpanel' aria-labelledby='tab-id-3-tab' aria-hidden=\"true\"><div class='tab_inner_content invers-color'  itemprop=\"text\" ><div class=\"cmsblock info\">\n<div>\n<p>Die nachfolgenden Hinweise richten sich an private Haushalte, die Elektro- und\/ oder Elektronikger\u00e4te nutzen. Bitte beachten Sie diese wichtigen Hinweise im Interesse einer umwelt-gerechten Entsorgung von Altger\u00e4ten sowie Ihrer eigenen Sicherheit.<\/p>\n<p><strong>1. Hinweise zur Entsorgung von Elektro- und Elektronik(alt)ger\u00e4ten und zur Bedeutung des Symbols nach Anhang 3 zum ElektroG<\/strong><\/p>\n<p>Besitzer von Altger\u00e4ten haben diese einer vom unsortierten Siedlungsabfall getrennten Erfassung zuzuf\u00fchren. Elektro- und Elektronikaltger\u00e4te d\u00fcrfen daher nicht als unsortierter Sied-lungsabfall beseitigt werden und geh\u00f6ren insbesondere nicht in den Hausm\u00fcll. Vielmehr sind diese Altger\u00e4te getrennt zu sammeln und etwa \u00fcber die \u00f6rtlichen Sammel- und R\u00fcckgabesysteme zu entsorgen.<\/p>\n<p>Besitzer von Altger\u00e4ten haben zudem Altbatterien und Altakkumulatoren, die nicht vom Altger\u00e4t umschlossen sind, vor der Abgabe an einer Erfassungsstelle von diesem zu trennen.<\/p>\n<p>Letzteres gilt nicht, soweit die Altger\u00e4te nach \u00a7 14 Absatz 5 Satz 2 und 3 ElektroG im Rahmen der Optierung durch die \u00f6ffentlich-rechtlichen Entsorgungstr\u00e4ger zum Zwecke der Vorbereitung zur Wiederverwendung von anderen Altger\u00e4ten separiert werden, um diese f\u00fcr die Wiederverwendung vorzubereiten.<\/p>\n<p>Anhand des Symbols nach Anlage 3 zum ElektroG k\u00f6nnen Besitzer Altger\u00e4te erkennen, die am Ende ihrer Lebensdauer getrennt vom unsortierten Siedlungsabfall zu erfassen sind. Das Symbol f\u00fcr die getrennte Erfassung von Elektro- und Elektronikger\u00e4ten stellt eine durchgestrichene Abfalltonne auf R\u00e4dern dar und ist wie folgt ausgestaltet:<\/p>\n<p><img loading=\"lazy\" decoding=\"async\" class=\"aligncenter wp-image-8206\" src=\"https:\/\/www.berger-stromversorgungen.de\/wp-content\/uploads\/fuerdietonne.png\" alt=\"\" width=\"120\" height=\"121\" srcset=\"https:\/\/www.berger-stromversorgungen.de\/wp-content\/uploads\/fuerdietonne.png 191w, https:\/\/www.berger-stromversorgungen.de\/wp-content\/uploads\/fuerdietonne-100x100.png 100w, https:\/\/www.berger-stromversorgungen.de\/wp-content\/uploads\/fuerdietonne-36x36.png 36w, https:\/\/www.berger-stromversorgungen.de\/wp-content\/uploads\/fuerdietonne-180x180.png 180w\" sizes=\"auto, (max-width: 120px) 100vw, 120px\" \/><\/p>\n<p><strong>2. Hinweise zu den M\u00f6glichkeiten der R\u00fcckgabe von Altger\u00e4ten<\/strong><\/p>\n<p>Besitzer von Altger\u00e4ten k\u00f6nnen diese im Rahmen der durch \u00f6ffentlich-rechtlichen Entsorgungstr\u00e4ger eingerichteten und zur Verf\u00fcgung stehenden M\u00f6glichkeiten der R\u00fcckgabe oder Sammlung von Altger\u00e4ten abgeben, damit eine ordnungsgem\u00e4\u00dfe Entsorgung der Altger\u00e4te sichergestellt ist. Gegebenenfalls ist dort auch eine Abgabe von Elektro- und Elektronikger\u00e4ten zum Zwecke der Wiederverwendung der Ger\u00e4te m\u00f6glich. N\u00e4here Informationen hierzu erhalten Sie von der jeweiligen Sammel- bzw. R\u00fccknahmestelle.<\/p>\n<p>Unter dem folgenden Link besteht die M\u00f6glichkeit, sich ein Onlineverzeichnis der Sammel- und R\u00fccknahmestellen anzuzeigen zu lassen: <a>https:\/\/www.ear-system.de\/ear-verzeichnis\/sammel-und-ruecknahmestellen<\/a><\/p>\n<p><strong>3. Hinweis zum Datenschutz<\/strong><\/p>\n<p>Auf zu entsorgenden Altger\u00e4ten befinden sich teilweise sensible personenbezogene Daten (etwa auf einem PC oder einem Smartphone), die nicht in die H\u00e4nde Dritter gelangen d\u00fcrfen.<\/p>\n<p>Wir weisen ausdr\u00fccklich darauf hin, dass Endnutzer von Altger\u00e4ten eigenverantwortlich f\u00fcr die L\u00f6schung personenbezogener Daten auf den zu entsorgenden Altger\u00e4ten sorgen m\u00fcssen.<\/p>\n<p><strong>4. Hinweis zu unserer WEEE-Registrierungsnummer<\/strong><\/p>\n<p>Wir sind bei der Stiftung Elektro-Altger\u00e4te Register, Benno-Strau\u00df-Str. 1, 90763 F\u00fcrth als Hersteller von Elektro- und\/ oder Elektronikger\u00e4ten unter der folgenden Registrierungsnummer (WEEE-Reg.-Nr. DE) registriert:<\/p>\n<p>\u201eDE 51567380\u201c<\/p>\n<\/div>\n<\/div>\n<\/div><\/div><\/section>\n<\/div>","protected":false},"excerpt":{"rendered":"","protected":false},"author":3,"featured_media":0,"parent":4807,"menu_order":200,"comment_status":"closed","ping_status":"closed","template":"","meta":{"footnotes":""},"class_list":["post-6130","page","type-page","status-publish","hentry"],"publishpress_future_action":{"enabled":false,"date":"2026-04-15 12:04:33","action":"draft","terms":[],"taxonomy":""},"_links":{"self":[{"href":"https:\/\/www.berger-stromversorgungen.de\/en\/wp-json\/wp\/v2\/pages\/6130","targetHints":{"allow":["GET"]}}],"collection":[{"href":"https:\/\/www.berger-stromversorgungen.de\/en\/wp-json\/wp\/v2\/pages"}],"about":[{"href":"https:\/\/www.berger-stromversorgungen.de\/en\/wp-json\/wp\/v2\/types\/page"}],"author":[{"embeddable":true,"href":"https:\/\/www.berger-stromversorgungen.de\/en\/wp-json\/wp\/v2\/users\/3"}],"replies":[{"embeddable":true,"href":"https:\/\/www.berger-stromversorgungen.de\/en\/wp-json\/wp\/v2\/comments?post=6130"}],"version-history":[{"count":2,"href":"https:\/\/www.berger-stromversorgungen.de\/en\/wp-json\/wp\/v2\/pages\/6130\/revisions"}],"predecessor-version":[{"id":8220,"href":"https:\/\/www.berger-stromversorgungen.de\/en\/wp-json\/wp\/v2\/pages\/6130\/revisions\/8220"}],"up":[{"embeddable":true,"href":"https:\/\/www.berger-stromversorgungen.de\/en\/wp-json\/wp\/v2\/pages\/4807"}],"wp:attachment":[{"href":"https:\/\/www.berger-stromversorgungen.de\/en\/wp-json\/wp\/v2\/media?parent=6130"}],"curies":[{"name":"wp","href":"https:\/\/api.w.org\/{rel}","templated":true}]}}